{"id":10248,"date":"2023-11-11T02:38:03","date_gmt":"2023-11-11T02:38:03","guid":{"rendered":"https:\/\/stevedarragh.com\/puesta-en-escena\/"},"modified":"2023-12-09T13:10:33","modified_gmt":"2023-12-09T13:10:33","slug":"puesta-en-escena","status":"publish","type":"page","link":"https:\/\/stevedarragh.com\/es-mx\/puesta-en-escena\/","title":{"rendered":"Puesta en escena"},"content":{"rendered":"\t\t<div data-elementor-type=\"wp-page\" data-elementor-id=\"10248\" class=\"elementor elementor-10248 elementor-8036\" data-elementor-post-type=\"page\">\n\t\t\t\t\t\t<section class=\"elementor-section elementor-top-section elementor-element elementor-element-101b1c0 elementor-section-boxed elementor-section-height-default elementor-section-height-default\" data-id=\"101b1c0\" data-element_type=\"section\" data-e-type=\"section\">\n\t\t\t\t\t\t<div class=\"elementor-container elementor-column-gap-default\">\n\t\t\t\t\t<div class=\"elementor-column elementor-col-100 elementor-top-column elementor-element elementor-element-5c5aa4b\" data-id=\"5c5aa4b\" data-element_type=\"column\" data-e-type=\"column\">\n\t\t\t<div class=\"elementor-widget-wrap elementor-element-populated\">\n\t\t\t\t\t\t<div class=\"elementor-element elementor-element-132fc4b elementor-widget elementor-widget-heading\" data-id=\"132fc4b\" data-element_type=\"widget\" data-e-type=\"widget\" data-widget_type=\"heading.default\">\n\t\t\t\t<div class=\"elementor-widget-container\">\n\t\t\t\t\t<h2 class=\"elementor-heading-title elementor-size-default\">Puesta en escena f\u00edsica y puesta en escena virtual<\/h2>\t\t\t\t<\/div>\n\t\t\t\t<\/div>\n\t\t\t\t\t<\/div>\n\t\t<\/div>\n\t\t\t\t\t<\/div>\n\t\t<\/section>\n\t\t\t\t<section class=\"elementor-section elementor-top-section elementor-element elementor-element-bead45e elementor-section-boxed elementor-section-height-default elementor-section-height-default\" data-id=\"bead45e\" data-element_type=\"section\" data-e-type=\"section\">\n\t\t\t\t\t\t<div class=\"elementor-container elementor-column-gap-default\">\n\t\t\t\t\t<div class=\"elementor-column elementor-col-50 elementor-top-column elementor-element elementor-element-6b90cb8\" data-id=\"6b90cb8\" data-element_type=\"column\" data-e-type=\"column\">\n\t\t\t<div class=\"elementor-widget-wrap\">\n\t\t\t\t\t\t\t<\/div>\n\t\t<\/div>\n\t\t\t\t<div class=\"elementor-column elementor-col-50 elementor-top-column elementor-element elementor-element-c5a9efe\" data-id=\"c5a9efe\" data-element_type=\"column\" data-e-type=\"column\">\n\t\t\t<div class=\"elementor-widget-wrap\">\n\t\t\t\t\t\t\t<\/div>\n\t\t<\/div>\n\t\t\t\t\t<\/div>\n\t\t<\/section>\n\t\t\t\t<section class=\"elementor-section elementor-top-section elementor-element elementor-element-2e9bf23 elementor-section-boxed elementor-section-height-default elementor-section-height-default\" data-id=\"2e9bf23\" data-element_type=\"section\" data-e-type=\"section\">\n\t\t\t\t\t\t<div class=\"elementor-container elementor-column-gap-default\">\n\t\t\t\t\t<div class=\"elementor-column elementor-col-100 elementor-top-column elementor-element elementor-element-248019c\" data-id=\"248019c\" data-element_type=\"column\" data-e-type=\"column\">\n\t\t\t<div class=\"elementor-widget-wrap elementor-element-populated\">\n\t\t\t\t\t\t<div class=\"elementor-element elementor-element-7f15a3a elementor-widget elementor-widget-spacer\" data-id=\"7f15a3a\" data-element_type=\"widget\" data-e-type=\"widget\" data-widget_type=\"spacer.default\">\n\t\t\t\t<div class=\"elementor-widget-container\">\n\t\t\t\t\t\t\t<div class=\"elementor-spacer\">\n\t\t\t<div class=\"elementor-spacer-inner\"><\/div>\n\t\t<\/div>\n\t\t\t\t\t\t<\/div>\n\t\t\t\t<\/div>\n\t\t\t\t\t<\/div>\n\t\t<\/div>\n\t\t\t\t\t<\/div>\n\t\t<\/section>\n\t\t\t\t<section class=\"elementor-section elementor-top-section elementor-element elementor-element-a5e56cf elementor-section-boxed elementor-section-height-default elementor-section-height-default\" data-id=\"a5e56cf\" data-element_type=\"section\" data-e-type=\"section\">\n\t\t\t\t\t\t<div class=\"elementor-container elementor-column-gap-default\">\n\t\t\t\t\t<div class=\"elementor-column elementor-col-100 elementor-top-column elementor-element elementor-element-fc04862\" data-id=\"fc04862\" data-element_type=\"column\" data-e-type=\"column\">\n\t\t\t<div class=\"elementor-widget-wrap elementor-element-populated\">\n\t\t\t\t\t\t<div class=\"elementor-element elementor-element-b3454bd elementor-widget elementor-widget-heading\" data-id=\"b3454bd\" data-element_type=\"widget\" data-e-type=\"widget\" data-widget_type=\"heading.default\">\n\t\t\t\t<div class=\"elementor-widget-container\">\n\t\t\t\t\t<h2 class=\"elementor-heading-title elementor-size-default\">Puesta en escena f\u00edsica y puesta en escena virtual<\/h2>\t\t\t\t<\/div>\n\t\t\t\t<\/div>\n\t\t\t\t\t<\/div>\n\t\t<\/div>\n\t\t\t\t\t<\/div>\n\t\t<\/section>\n\t\t\t\t<section class=\"elementor-section elementor-top-section elementor-element elementor-element-c0521b9 elementor-section-boxed elementor-section-height-default elementor-section-height-default\" data-id=\"c0521b9\" data-element_type=\"section\" data-e-type=\"section\">\n\t\t\t\t\t\t<div class=\"elementor-container elementor-column-gap-default\">\n\t\t\t\t\t<div class=\"elementor-column elementor-col-50 elementor-top-column elementor-element elementor-element-dae5918\" data-id=\"dae5918\" data-element_type=\"column\" data-e-type=\"column\">\n\t\t\t<div class=\"elementor-widget-wrap elementor-element-populated\">\n\t\t\t\t\t\t<div class=\"elementor-element elementor-element-69d382e elementor-widget elementor-widget-e_image_hover_effects\" data-id=\"69d382e\" data-element_type=\"widget\" data-e-type=\"widget\" data-widget_type=\"e_image_hover_effects.default\">\n\t\t\t\t<div class=\"elementor-widget-container\">\n\t\t\t\t\t\t\t\t<div class=\"eihe-box eihe-fade-in-up eihe_center\">\n\t\t\t\t<img fetchpriority=\"high\" decoding=\"async\" width=\"1434\" height=\"559\" src=\"https:\/\/stevedarragh.com\/wp-content\/uploads\/2023\/11\/1434x559.jpg?wsr\" class=\"attachment-full size-full wp-image-8426\" alt=\"\" srcset=\"https:\/\/stevedarragh.com\/wp-content\/uploads\/2023\/11\/1434x559.jpg 1434w, https:\/\/stevedarragh.com\/wp-content\/uploads\/2023\/11\/1434x559-300x117.jpg 300w, https:\/\/stevedarragh.com\/wp-content\/uploads\/2023\/11\/1434x559-1024x399.jpg 1024w, https:\/\/stevedarragh.com\/wp-content\/uploads\/2023\/11\/1434x559-768x299.jpg 768w\" sizes=\"(max-width: 1434px) 100vw, 1434px\" \/>\t\t\t\t<div class=\"eihe-caption\">\n\t\t\t\t\t<div class=\"eihe-title-cover\">\n\t\t\t\t\t\t\t\t\t\t\t\t<h3 class=\"eihe-title\">Estadificaci\u00f3n f\u00edsica<\/h3>\n\t\t\t\t\t\t\t\t\t\t\t<\/div>\n\t\t\t\t\t<p>El 51% afirma que la puesta en escena influye en la opini\u00f3n que la mayor\u00eda de los compradores tienen de la vivienda. El 27% de los agentes de ventas afirman que las viviendas preparadas pasan menos tiempo en el mercado. El 23% afirma que pone en escena todas las casas de sus clientes antes de ponerlas a la venta. El 20% de los agentes afirma que el home staging aumenta el valor de la vivienda hasta un 5%.<\/p>\n\t\t\t\t<\/div>\n\t\t\t<\/div>\n\t\t\t\t\t\t<\/div>\n\t\t\t\t<\/div>\n\t\t\t\t\t<\/div>\n\t\t<\/div>\n\t\t\t\t<div class=\"elementor-column elementor-col-50 elementor-top-column elementor-element elementor-element-5427a1c\" data-id=\"5427a1c\" data-element_type=\"column\" data-e-type=\"column\">\n\t\t\t<div class=\"elementor-widget-wrap elementor-element-populated\">\n\t\t\t\t\t\t<div class=\"elementor-element elementor-element-625b56b elementor-widget elementor-widget-e_image_hover_effects\" data-id=\"625b56b\" data-element_type=\"widget\" data-e-type=\"widget\" data-widget_type=\"e_image_hover_effects.default\">\n\t\t\t\t<div class=\"elementor-widget-container\">\n\t\t\t\t\t\t\t\t<div class=\"eihe-box eihe-fade-in-up eihe_center\">\n\t\t\t\t<img decoding=\"async\" width=\"1434\" height=\"559\" src=\"https:\/\/stevedarragh.com\/wp-content\/uploads\/2023\/11\/virtual1434x559.png?wsr\" class=\"attachment-full size-full wp-image-8427\" alt=\"\" srcset=\"https:\/\/stevedarragh.com\/wp-content\/uploads\/2023\/11\/virtual1434x559.png 1434w, https:\/\/stevedarragh.com\/wp-content\/uploads\/2023\/11\/virtual1434x559-300x117.png 300w, https:\/\/stevedarragh.com\/wp-content\/uploads\/2023\/11\/virtual1434x559-1024x399.png 1024w, https:\/\/stevedarragh.com\/wp-content\/uploads\/2023\/11\/virtual1434x559-768x299.png 768w\" sizes=\"(max-width: 1434px) 100vw, 1434px\" \/>\t\t\t\t<div class=\"eihe-caption\">\n\t\t\t\t\t<div class=\"eihe-title-cover\">\n\t\t\t\t\t\t\t\t\t\t\t\t<h3 class=\"eihe-title\">Puesta en escena virtual<\/h3>\n\t\t\t\t\t\t\t\t\t\t\t<\/div>\n\t\t\t\t\t<p>La puesta en escena virtual puede reducir el coste de la puesta en escena hasta en un 97%. La puesta en escena virtual puede ayudar a alquilar viviendas y unidades por m\u00e1s dinero. La puesta en escena virtual puede parecerse al 100% a la real. La puesta en escena virtual ofrece un 100% de libertad creativa. La puesta en escena virtual es ideal para mostrar a los posibles compradores c\u00f3mo pueden quedar los muebles.<\/p>\n\t\t\t\t<\/div>\n\t\t\t<\/div>\n\t\t\t\t\t\t<\/div>\n\t\t\t\t<\/div>\n\t\t\t\t\t<\/div>\n\t\t<\/div>\n\t\t\t\t\t<\/div>\n\t\t<\/section>\n\t\t\t\t<\/div>\n\t\t","protected":false},"excerpt":{"rendered":"<p>Puesta en escena f\u00edsica y puesta en escena virtual Puesta en escena f\u00edsica y puesta en escena virtual Estadificaci\u00f3n f\u00edsica El 51% afirma que la puesta en escena influye en la opini\u00f3n que la mayor\u00eda de los compradores tienen de la vivienda. El 27% de los agentes de ventas afirman que las viviendas preparadas pasan [&hellip;]<\/p>\n","protected":false},"author":1,"featured_media":0,"parent":0,"menu_order":0,"comment_status":"closed","ping_status":"closed","template":"","meta":{"om_disable_all_campaigns":false,"_monsterinsights_skip_tracking":false,"_monsterinsights_sitenote_active":false,"_monsterinsights_sitenote_note":"","_monsterinsights_sitenote_category":0,"_uf_show_specific_survey":0,"_uf_disable_surveys":false,"footnotes":""},"class_list":["post-10248","page","type-page","status-publish","hentry"],"_links":{"self":[{"href":"https:\/\/stevedarragh.com\/es-mx\/wp-json\/wp\/v2\/pages\/10248","targetHints":{"allow":["GET"]}}],"collection":[{"href":"https:\/\/stevedarragh.com\/es-mx\/wp-json\/wp\/v2\/pages"}],"about":[{"href":"https:\/\/stevedarragh.com\/es-mx\/wp-json\/wp\/v2\/types\/page"}],"author":[{"embeddable":true,"href":"https:\/\/stevedarragh.com\/es-mx\/wp-json\/wp\/v2\/users\/1"}],"replies":[{"embeddable":true,"href":"https:\/\/stevedarragh.com\/es-mx\/wp-json\/wp\/v2\/comments?post=10248"}],"version-history":[{"count":2,"href":"https:\/\/stevedarragh.com\/es-mx\/wp-json\/wp\/v2\/pages\/10248\/revisions"}],"predecessor-version":[{"id":10255,"href":"https:\/\/stevedarragh.com\/es-mx\/wp-json\/wp\/v2\/pages\/10248\/revisions\/10255"}],"wp:attachment":[{"href":"https:\/\/stevedarragh.com\/es-mx\/wp-json\/wp\/v2\/media?parent=10248"}],"curies":[{"name":"wp","href":"https:\/\/api.w.org\/{rel}","templated":true}]}}