{"id":10311,"date":"2023-11-11T14:23:24","date_gmt":"2023-11-11T14:23:24","guid":{"rendered":"https:\/\/stevedarragh.com\/especialista-en-reubicacion\/"},"modified":"2023-12-09T13:20:19","modified_gmt":"2023-12-09T13:20:19","slug":"especialista-en-reubicacion","status":"publish","type":"page","link":"https:\/\/stevedarragh.com\/es-mx\/especialista-en-reubicacion\/","title":{"rendered":"Especialista en reubicaci\u00f3n"},"content":{"rendered":"\t\t<div data-elementor-type=\"wp-page\" data-elementor-id=\"10311\" class=\"elementor elementor-10311 elementor-8073\" data-elementor-post-type=\"page\">\n\t\t\t\t\t\t<section class=\"elementor-section elementor-top-section elementor-element elementor-element-ede984b elementor-section-boxed elementor-section-height-default elementor-section-height-default\" data-id=\"ede984b\" data-element_type=\"section\" data-e-type=\"section\">\n\t\t\t\t\t\t<div class=\"elementor-container elementor-column-gap-default\">\n\t\t\t\t\t<div class=\"elementor-column elementor-col-100 elementor-top-column elementor-element elementor-element-50e11e7\" data-id=\"50e11e7\" data-element_type=\"column\" data-e-type=\"column\">\n\t\t\t<div class=\"elementor-widget-wrap elementor-element-populated\">\n\t\t\t\t\t\t<div class=\"elementor-element elementor-element-d42350d elementor-widget elementor-widget-spacer\" data-id=\"d42350d\" data-element_type=\"widget\" data-e-type=\"widget\" data-widget_type=\"spacer.default\">\n\t\t\t\t<div class=\"elementor-widget-container\">\n\t\t\t\t\t\t\t<div class=\"elementor-spacer\">\n\t\t\t<div class=\"elementor-spacer-inner\"><\/div>\n\t\t<\/div>\n\t\t\t\t\t\t<\/div>\n\t\t\t\t<\/div>\n\t\t\t\t\t<\/div>\n\t\t<\/div>\n\t\t\t\t\t<\/div>\n\t\t<\/section>\n\t\t\t\t<section class=\"elementor-section elementor-top-section elementor-element elementor-element-174d38d elementor-section-boxed elementor-section-height-default elementor-section-height-default\" data-id=\"174d38d\" data-element_type=\"section\" data-e-type=\"section\">\n\t\t\t\t\t\t<div class=\"elementor-container elementor-column-gap-default\">\n\t\t\t\t\t<div class=\"elementor-column elementor-col-100 elementor-top-column elementor-element elementor-element-31f2975\" data-id=\"31f2975\" data-element_type=\"column\" data-e-type=\"column\">\n\t\t\t<div class=\"elementor-widget-wrap elementor-element-populated\">\n\t\t\t\t\t\t<div class=\"elementor-element elementor-element-205ddae elementor-widget elementor-widget-image\" data-id=\"205ddae\" data-element_type=\"widget\" data-e-type=\"widget\" data-widget_type=\"image.default\">\n\t\t\t\t<div class=\"elementor-widget-container\">\n\t\t\t\t\t\t\t\t\t\t\t\t\t\t\t<img fetchpriority=\"high\" decoding=\"async\" width=\"800\" height=\"271\" src=\"https:\/\/stevedarragh.com\/wp-content\/uploads\/2023\/11\/relocation-1-1024x347.jpg?wsr\" class=\"attachment-large size-large wp-image-8899\" alt=\"\" srcset=\"https:\/\/stevedarragh.com\/wp-content\/uploads\/2023\/11\/relocation-1-1024x347.jpg 1024w, https:\/\/stevedarragh.com\/wp-content\/uploads\/2023\/11\/relocation-1-300x102.jpg 300w, https:\/\/stevedarragh.com\/wp-content\/uploads\/2023\/11\/relocation-1-768x260.jpg 768w, https:\/\/stevedarragh.com\/wp-content\/uploads\/2023\/11\/relocation-1.jpg 1354w\" sizes=\"(max-width: 800px) 100vw, 800px\" \/>\t\t\t\t\t\t\t\t\t\t\t\t\t\t\t<\/div>\n\t\t\t\t<\/div>\n\t\t\t\t\t<\/div>\n\t\t<\/div>\n\t\t\t\t\t<\/div>\n\t\t<\/section>\n\t\t\t\t<section class=\"elementor-section elementor-top-section elementor-element elementor-element-4da4159 elementor-section-boxed elementor-section-height-default elementor-section-height-default\" data-id=\"4da4159\" data-element_type=\"section\" data-e-type=\"section\">\n\t\t\t\t\t\t<div class=\"elementor-container elementor-column-gap-default\">\n\t\t\t\t\t<div class=\"elementor-column elementor-col-100 elementor-top-column elementor-element elementor-element-fcc7c6f\" data-id=\"fcc7c6f\" data-element_type=\"column\" data-e-type=\"column\">\n\t\t\t<div class=\"elementor-widget-wrap elementor-element-populated\">\n\t\t\t\t\t\t<div class=\"elementor-element elementor-element-0b8f6db elementor-widget elementor-widget-text-editor\" data-id=\"0b8f6db\" data-element_type=\"widget\" data-e-type=\"widget\" data-widget_type=\"text-editor.default\">\n\t\t\t\t<div class=\"elementor-widget-container\">\n\t\t\t\t\t\t\t\t\t<p>Como profesional especializado en reubicaci\u00f3n inmobiliaria, ayudo a particulares o empresas en el proceso de traslado de un lugar a otro, que a menudo implica la compra o venta de bienes inmuebles. Su principal objetivo es hacer que el proceso de reubicaci\u00f3n sea m\u00e1s fluido y eficiente para mis clientes. Estas son algunas de las principales responsabilidades y tareas de las que me encargo:<\/p>\n<ol>\n<li>\n<p><strong>An\u00e1lisis del mercado:<\/strong><\/p>\n<ul>\n<li>Evaluar el mercado inmobiliario tanto en la ubicaci\u00f3n actual como en la de destino para proporcionar a los clientes informaci\u00f3n sobre el valor de las propiedades, las tendencias del mercado y las posibles oportunidades de inversi\u00f3n.<\/li>\n<\/ul>\n<\/li>\n<li>\n<p><strong>Ayuda a la compraventa de viviendas:<\/strong><\/p>\n<ul>\n<li>Ayudar a los clientes a vender su propiedad actual o a comprar una nueva en el lugar de destino. Esto puede implicar la coordinaci\u00f3n con agentes inmobiliarios, la realizaci\u00f3n de visitas a propiedades y la negociaci\u00f3n de acuerdos.<\/li>\n<\/ul>\n<\/li>\n<li>\n<p><strong>Familiaridad con la zona:<\/strong><\/p>\n<ul>\n<li>Conocer los barrios, los colegios, los servicios y otros factores relevantes tanto de la ubicaci\u00f3n actual como de la de destino para ayudar a los clientes a tomar decisiones con conocimiento de causa.<\/li>\n<\/ul>\n<\/li>\n<li>\n<p><strong>Apoyo log\u00edstico:<\/strong><\/p>\n<ul>\n<li>Ofrecer apoyo log\u00edstico en el proceso de mudanza, como recomendar <a href=\"https:\/\/stevedarragh.com\/vendors\/\">empresas de mudanzas fiables<\/a>, coordinar el transporte y facilitar informaci\u00f3n sobre servicios locales.<\/li>\n<\/ul>\n<\/li>\n<li>\n<p><strong>Cumplimiento legal y reglamentario:<\/strong><\/p>\n<ul>\n<li>Garantizar el cumplimiento de todos los requisitos legales y reglamentarios relacionados con las transacciones inmobiliarias. Esto puede implicar ocuparse de contratos, inspecciones y otros tr\u00e1mites.<\/li>\n<\/ul>\n<\/li>\n<li>\n<p><strong>Integraci\u00f3n cultural y comunitaria:<\/strong><\/p>\n<ul>\n<li>Proporcionar informaci\u00f3n y asistencia para ayudar a los clientes a integrarse en su nueva comunidad. Puede incluir informaci\u00f3n sobre servicios locales, colegios, centros sanitarios y oportunidades de ocio.<\/li>\n<\/ul>\n<\/li>\n<li>\n<p><strong>Servicios de reubicaci\u00f3n de empresas:<\/strong><\/p>\n<ul>\n<li>Para clientes corporativos, puedo trabajar con empresas para gestionar el traslado de empleados, incluyendo la b\u00fasqueda de alojamiento adecuado, la coordinaci\u00f3n de la log\u00edstica de la mudanza y la prestaci\u00f3n de apoyo durante toda la transici\u00f3n.<\/li>\n<\/ul>\n<\/li>\n<li>\n<p><strong>Defensa del cliente:<\/strong><\/p>\n<ul>\n<li>Actuar como defensor de los intereses del cliente a lo largo de todo el proceso de reubicaci\u00f3n, garantizando que se tengan en cuenta sus necesidades y preferencias.<\/li>\n<\/ul>\n<\/li>\n<li>\n<p><strong>Orientaci\u00f3n financiera:<\/strong><\/p>\n<ul>\n<li>Ofrecer asesoramiento sobre opciones de financiaci\u00f3n, presupuestos y otros aspectos financieros relacionados con las transacciones inmobiliarias y el proceso de traslado.<\/li>\n<\/ul>\n<\/li>\n<li>\n<p><strong>Resoluci\u00f3n del problema:<\/strong><\/p>\n<ul>\n<li>Abordar cualquier reto o problema que pueda surgir durante el proceso de reubicaci\u00f3n, encontrando soluciones para garantizar una transici\u00f3n fluida.<\/li>\n<\/ul>\n<\/li>\n<\/ol>\n<p>Los especialistas en reubicaci\u00f3n inmobiliaria suelen colaborar estrechamente con agentes inmobiliarios, empresas de mudanzas y otros profesionales para ofrecer un apoyo integral a sus clientes. Desempe\u00f1an un papel crucial a la hora de minimizar el estr\u00e9s y los retos asociados a una mudanza, especialmente cuando implica un cambio de ubicaci\u00f3n.<\/p>\n\t\t\t\t\t\t\t\t<\/div>\n\t\t\t\t<\/div>\n\t\t\t\t\t<\/div>\n\t\t<\/div>\n\t\t\t\t\t<\/div>\n\t\t<\/section>\n\t\t\t\t<section class=\"elementor-section elementor-top-section elementor-element elementor-element-981b2c7 elementor-section-boxed elementor-section-height-default elementor-section-height-default\" data-id=\"981b2c7\" data-element_type=\"section\" data-e-type=\"section\">\n\t\t\t\t\t\t<div class=\"elementor-container elementor-column-gap-default\">\n\t\t\t\t\t<div class=\"elementor-column elementor-col-100 elementor-top-column elementor-element elementor-element-b75c5cb\" data-id=\"b75c5cb\" data-element_type=\"column\" data-e-type=\"column\">\n\t\t\t<div class=\"elementor-widget-wrap elementor-element-populated\">\n\t\t\t\t\t\t<div class=\"elementor-element elementor-element-c835931 elementor-widget elementor-widget-spacer\" data-id=\"c835931\" data-element_type=\"widget\" data-e-type=\"widget\" data-widget_type=\"spacer.default\">\n\t\t\t\t<div class=\"elementor-widget-container\">\n\t\t\t\t\t\t\t<div class=\"elementor-spacer\">\n\t\t\t<div class=\"elementor-spacer-inner\"><\/div>\n\t\t<\/div>\n\t\t\t\t\t\t<\/div>\n\t\t\t\t<\/div>\n\t\t\t\t\t<\/div>\n\t\t<\/div>\n\t\t\t\t\t<\/div>\n\t\t<\/section>\n\t\t\t\t<\/div>\n\t\t","protected":false},"excerpt":{"rendered":"<p>Como profesional especializado en reubicaci\u00f3n inmobiliaria, ayudo a particulares o empresas en el proceso de traslado de un lugar a otro, que a menudo implica la compra o venta de bienes inmuebles. Su principal objetivo es hacer que el proceso de reubicaci\u00f3n sea m\u00e1s fluido y eficiente para mis clientes. Estas son algunas de las [&hellip;]<\/p>\n","protected":false},"author":1,"featured_media":0,"parent":0,"menu_order":0,"comment_status":"closed","ping_status":"closed","template":"","meta":{"om_disable_all_campaigns":false,"_monsterinsights_skip_tracking":false,"_monsterinsights_sitenote_active":false,"_monsterinsights_sitenote_note":"","_monsterinsights_sitenote_category":0,"_uf_show_specific_survey":0,"_uf_disable_surveys":false,"footnotes":""},"class_list":["post-10311","page","type-page","status-publish","hentry"],"_links":{"self":[{"href":"https:\/\/stevedarragh.com\/es-mx\/wp-json\/wp\/v2\/pages\/10311","targetHints":{"allow":["GET"]}}],"collection":[{"href":"https:\/\/stevedarragh.com\/es-mx\/wp-json\/wp\/v2\/pages"}],"about":[{"href":"https:\/\/stevedarragh.com\/es-mx\/wp-json\/wp\/v2\/types\/page"}],"author":[{"embeddable":true,"href":"https:\/\/stevedarragh.com\/es-mx\/wp-json\/wp\/v2\/users\/1"}],"replies":[{"embeddable":true,"href":"https:\/\/stevedarragh.com\/es-mx\/wp-json\/wp\/v2\/comments?post=10311"}],"version-history":[{"count":2,"href":"https:\/\/stevedarragh.com\/es-mx\/wp-json\/wp\/v2\/pages\/10311\/revisions"}],"predecessor-version":[{"id":10318,"href":"https:\/\/stevedarragh.com\/es-mx\/wp-json\/wp\/v2\/pages\/10311\/revisions\/10318"}],"wp:attachment":[{"href":"https:\/\/stevedarragh.com\/es-mx\/wp-json\/wp\/v2\/media?parent=10311"}],"curies":[{"name":"wp","href":"https:\/\/api.w.org\/{rel}","templated":true}]}}