{"id":10382,"date":"2023-11-11T15:51:54","date_gmt":"2023-11-11T15:51:54","guid":{"rendered":"https:\/\/stevedarragh.com\/vendedores\/"},"modified":"2023-12-09T13:23:58","modified_gmt":"2023-12-09T13:23:58","slug":"vendedores","status":"publish","type":"page","link":"https:\/\/stevedarragh.com\/es-mx\/vendedores\/","title":{"rendered":"Vendedores"},"content":{"rendered":"\t\t<div data-elementor-type=\"wp-page\" data-elementor-id=\"10382\" class=\"elementor elementor-10382 elementor-8112\" data-elementor-post-type=\"page\">\n\t\t\t\t\t\t<section class=\"elementor-section elementor-top-section elementor-element elementor-element-111ace2 elementor-section-boxed elementor-section-height-default elementor-section-height-default\" data-id=\"111ace2\" data-element_type=\"section\" data-e-type=\"section\">\n\t\t\t\t\t\t<div class=\"elementor-container elementor-column-gap-default\">\n\t\t\t\t\t<div class=\"elementor-column elementor-col-100 elementor-top-column elementor-element elementor-element-157f76b\" data-id=\"157f76b\" data-element_type=\"column\" data-e-type=\"column\">\n\t\t\t<div class=\"elementor-widget-wrap elementor-element-populated\">\n\t\t\t\t\t\t<div class=\"elementor-element elementor-element-2c83784 elementor-widget elementor-widget-spacer\" data-id=\"2c83784\" data-element_type=\"widget\" data-e-type=\"widget\" data-widget_type=\"spacer.default\">\n\t\t\t\t<div class=\"elementor-widget-container\">\n\t\t\t\t\t\t\t<div class=\"elementor-spacer\">\n\t\t\t<div class=\"elementor-spacer-inner\"><\/div>\n\t\t<\/div>\n\t\t\t\t\t\t<\/div>\n\t\t\t\t<\/div>\n\t\t\t\t\t<\/div>\n\t\t<\/div>\n\t\t\t\t\t<\/div>\n\t\t<\/section>\n\t\t\t\t<section class=\"elementor-section elementor-top-section elementor-element elementor-element-9656cb4 elementor-section-boxed elementor-section-height-default elementor-section-height-default\" data-id=\"9656cb4\" data-element_type=\"section\" data-e-type=\"section\">\n\t\t\t\t\t\t<div class=\"elementor-container elementor-column-gap-default\">\n\t\t\t\t\t<div class=\"elementor-column elementor-col-100 elementor-top-column elementor-element elementor-element-1db4bc3\" data-id=\"1db4bc3\" data-element_type=\"column\" data-e-type=\"column\">\n\t\t\t<div class=\"elementor-widget-wrap elementor-element-populated\">\n\t\t\t\t\t\t<div class=\"elementor-element elementor-element-1344c40 elementor-widget elementor-widget-shortcode\" data-id=\"1344c40\" data-element_type=\"widget\" data-e-type=\"widget\" data-widget_type=\"shortcode.default\">\n\t\t\t\t<div class=\"elementor-widget-container\">\n\t\t\t\t\t\t\t<div class=\"elementor-shortcode\"><\/div>\n\t\t\t\t\t\t<\/div>\n\t\t\t\t<\/div>\n\t\t\t\t\t<\/div>\n\t\t<\/div>\n\t\t\t\t\t<\/div>\n\t\t<\/section>\n\t\t\t\t<section class=\"elementor-section elementor-top-section elementor-element elementor-element-3dea8ea elementor-section-boxed elementor-section-height-default elementor-section-height-default\" data-id=\"3dea8ea\" data-element_type=\"section\" data-e-type=\"section\">\n\t\t\t\t\t\t<div class=\"elementor-container elementor-column-gap-default\">\n\t\t\t\t\t<div class=\"elementor-column elementor-col-100 elementor-top-column elementor-element elementor-element-3cae812\" data-id=\"3cae812\" data-element_type=\"column\" data-e-type=\"column\">\n\t\t\t<div class=\"elementor-widget-wrap elementor-element-populated\">\n\t\t\t\t\t\t<div class=\"elementor-element elementor-element-709ef13 elementor-widget elementor-widget-hotspot\" data-id=\"709ef13\" data-element_type=\"widget\" data-e-type=\"widget\" data-settings=\"{&quot;hotspot&quot;:[{&quot;_id&quot;:&quot;a1db06a&quot;,&quot;hotspot_custom_size&quot;:&quot;yes&quot;,&quot;hotspot_width&quot;:{&quot;unit&quot;:&quot;px&quot;,&quot;size&quot;:506,&quot;sizes&quot;:[]},&quot;hotspot_height&quot;:{&quot;unit&quot;:&quot;px&quot;,&quot;size&quot;:610,&quot;sizes&quot;:[]},&quot;hotspot_tooltip_content&quot;:&quot;&lt;p&gt;&lt;a href=\\&quot;http:\\\/\\\/stevedarragh.com\\\/wp-content\\\/uploads\\\/2023\\\/11\\\/ocean-waves-crashing-sound.zip\\&quot;&gt;sonido de olas rompiendo&lt;\\\/a&gt;&lt;\\\/p&gt;\\n&lt;p&gt;&lt;audio class=&quot;wp-audio-shortcode&quot; id=&quot;audio-10382-1&quot; preload=&quot;none&quot; style=&quot;width: 100%;&quot; controls=&quot;controls&quot;&gt;&lt;source type=&quot;audio\/mpeg&quot; src=&quot;https:\/\/stevedarragh.com\/wp-content\/uploads\/2023\/11\/Ocean-waves-crashing-sound.mp3?_=1&quot; \/&gt;&lt;source type=&quot;&quot; src=&quot;&quot; \/&gt;&lt;a href=&quot;https:\/\/stevedarragh.com\/wp-content\/uploads\/2023\/11\/Ocean-waves-crashing-sound.mp3&quot;&gt;https:\/\/stevedarragh.com\/wp-content\/uploads\/2023\/11\/Ocean-waves-crashing-sound.mp3&lt;\/a&gt;&lt;\/audio&gt;[\\\/audio]&lt;\\\/p&gt;\\n&lt;p&gt;A\\u00f1ada aqu\\u00ed su texto de informaci\\u00f3n sobre herramientas&lt;\\\/p&gt;\\n&quot;,&quot;index&quot;:0,&quot;__dynamic__&quot;:null,&quot;hotspot_label&quot;:&quot;&quot;,&quot;hotspot_link&quot;:{&quot;url&quot;:&quot;&quot;,&quot;is_external&quot;:&quot;&quot;,&quot;nofollow&quot;:&quot;&quot;,&quot;custom_attributes&quot;:&quot;&quot;},&quot;hotspot_icon&quot;:{&quot;value&quot;:&quot;&quot;,&quot;library&quot;:&quot;&quot;},&quot;hotspot_icon_position&quot;:null,&quot;hotspot_icon_spacing&quot;:null,&quot;hotspot_horizontal&quot;:&quot;left&quot;,&quot;hotspot_offset_x&quot;:{&quot;unit&quot;:&quot;%&quot;,&quot;size&quot;:50,&quot;sizes&quot;:[]},&quot;hotspot_vertical&quot;:&quot;top&quot;,&quot;hotspot_offset_y&quot;:{&quot;unit&quot;:&quot;%&quot;,&quot;size&quot;:50,&quot;sizes&quot;:[]},&quot;hotspot_tooltip_position&quot;:&quot;no&quot;,&quot;hotspot_position&quot;:null,&quot;hotspot_tooltip_width&quot;:null,&quot;hotspot_tooltip_text_wrap&quot;:null}],&quot;tooltip_position&quot;:&quot;top&quot;,&quot;tooltip_trigger&quot;:&quot;click&quot;,&quot;tooltip_animation&quot;:&quot;e-hotspot--fade-in-out&quot;}\" data-widget_type=\"hotspot.default\">\n\t\t\t\t<div class=\"elementor-widget-container\">\n\t\t\t\t\t<img fetchpriority=\"high\" decoding=\"async\" width=\"800\" height=\"533\" src=\"https:\/\/stevedarragh.com\/wp-content\/uploads\/2023\/11\/FLL_Beach-1024x682.jpg?wsr\" class=\"attachment-large size-large wp-image-9237\" alt=\"\" srcset=\"https:\/\/stevedarragh.com\/wp-content\/uploads\/2023\/11\/FLL_Beach-1024x682.jpg 1024w, https:\/\/stevedarragh.com\/wp-content\/uploads\/2023\/11\/FLL_Beach-300x200.jpg 300w, https:\/\/stevedarragh.com\/wp-content\/uploads\/2023\/11\/FLL_Beach-768x512.jpg 768w, https:\/\/stevedarragh.com\/wp-content\/uploads\/2023\/11\/FLL_Beach-1536x1023.jpg 1536w, https:\/\/stevedarragh.com\/wp-content\/uploads\/2023\/11\/FLL_Beach-500x333.jpg 500w, https:\/\/stevedarragh.com\/wp-content\/uploads\/2023\/11\/FLL_Beach.jpg 1600w\" sizes=\"(max-width: 800px) 100vw, 800px\" \/>\n\t\t\t\t\t\t<div class=\"e-hotspot elementor-repeater-item-a1db06a  e-hotspot--position-left e-hotspot--position-top   e-hotspot--circle\">\n\n\t\t\t\t\t\t\t\t<div class=\"e-hotspot__button e-hotspot--expand\">\n\t\t\t\t\t\t\t\t\t\t\t<div class=\"e-hotspot__outer-circle\"><\/div>\n\t\t\t\t\t\t<div class=\"e-hotspot__inner-circle\"><\/div>\n\t\t\t\t\t\t\t\t\t<\/div>\n\n\t\t\t\t\t\t\t\t\t\t\t\t\t\t\t\t\t\t<div class=\"e-hotspot__tooltip  e-hotspot--tooltip-position e-hotspot--fade-in-out \" >\n\t\t\t\t\t\t<p><a href=\"http:\/\/stevedarragh.com\/wp-content\/uploads\/2023\/11\/ocean-waves-crashing-sound.zip\">sonido de olas rompiendo<\/a><\/p>\n<p><audio class=\"wp-audio-shortcode\" id=\"audio-10382-2\" preload=\"none\" style=\"width: 100%;\" controls=\"controls\"><source type=\"audio\/mpeg\" src=\"http:\/\/stevedarragh.com\/wp-content\/uploads\/2023\/11\/Ocean-waves-crashing-sound.mp3?_=2\" \/><a href=\"http:\/\/stevedarragh.com\/wp-content\/uploads\/2023\/11\/Ocean-waves-crashing-sound.mp3\">http:\/\/stevedarragh.com\/wp-content\/uploads\/2023\/11\/Ocean-waves-crashing-sound.mp3<\/a><\/audio><\/p>\n<p>A\u00f1ada aqu\u00ed su texto de informaci\u00f3n sobre herramientas<\/p>\n\t\t\t\t\t<\/div>\n\t\t\t\t\t\t\t\t\t\n\t\t\t<\/div>\n\n\t\n\t\t\t\t\t\t<\/div>\n\t\t\t\t<\/div>\n\t\t\t\t\t<\/div>\n\t\t<\/div>\n\t\t\t\t\t<\/div>\n\t\t<\/section>\n\t\t\t\t<section class=\"elementor-section elementor-top-section elementor-element elementor-element-62b0731 elementor-section-boxed elementor-section-height-default elementor-section-height-default\" data-id=\"62b0731\" data-element_type=\"section\" data-e-type=\"section\">\n\t\t\t\t\t\t<div class=\"elementor-container elementor-column-gap-default\">\n\t\t\t\t\t<div class=\"elementor-column elementor-col-100 elementor-top-column elementor-element elementor-element-b4e053c\" data-id=\"b4e053c\" data-element_type=\"column\" data-e-type=\"column\">\n\t\t\t<div class=\"elementor-widget-wrap elementor-element-populated\">\n\t\t\t\t\t\t<div class=\"elementor-element elementor-element-5c2a5d9 elementor-widget elementor-widget-spacer\" data-id=\"5c2a5d9\" data-element_type=\"widget\" data-e-type=\"widget\" data-widget_type=\"spacer.default\">\n\t\t\t\t<div class=\"elementor-widget-container\">\n\t\t\t\t\t\t\t<div class=\"elementor-spacer\">\n\t\t\t<div class=\"elementor-spacer-inner\"><\/div>\n\t\t<\/div>\n\t\t\t\t\t\t<\/div>\n\t\t\t\t<\/div>\n\t\t\t\t\t<\/div>\n\t\t<\/div>\n\t\t\t\t\t<\/div>\n\t\t<\/section>\n\t\t\t\t<\/div>\n\t\t","protected":false},"excerpt":{"rendered":"<p>sonido de olas rompiendo A\u00f1ada aqu\u00ed su texto de informaci\u00f3n sobre herramientas<\/p>\n","protected":false},"author":1,"featured_media":0,"parent":0,"menu_order":0,"comment_status":"closed","ping_status":"closed","template":"","meta":{"om_disable_all_campaigns":false,"_monsterinsights_skip_tracking":false,"_monsterinsights_sitenote_active":false,"_monsterinsights_sitenote_note":"","_monsterinsights_sitenote_category":0,"_uf_show_specific_survey":0,"_uf_disable_surveys":false,"footnotes":""},"class_list":["post-10382","page","type-page","status-publish","hentry"],"_links":{"self":[{"href":"https:\/\/stevedarragh.com\/es-mx\/wp-json\/wp\/v2\/pages\/10382","targetHints":{"allow":["GET"]}}],"collection":[{"href":"https:\/\/stevedarragh.com\/es-mx\/wp-json\/wp\/v2\/pages"}],"about":[{"href":"https:\/\/stevedarragh.com\/es-mx\/wp-json\/wp\/v2\/types\/page"}],"author":[{"embeddable":true,"href":"https:\/\/stevedarragh.com\/es-mx\/wp-json\/wp\/v2\/users\/1"}],"replies":[{"embeddable":true,"href":"https:\/\/stevedarragh.com\/es-mx\/wp-json\/wp\/v2\/comments?post=10382"}],"version-history":[{"count":1,"href":"https:\/\/stevedarragh.com\/es-mx\/wp-json\/wp\/v2\/pages\/10382\/revisions"}],"predecessor-version":[{"id":10383,"href":"https:\/\/stevedarragh.com\/es-mx\/wp-json\/wp\/v2\/pages\/10382\/revisions\/10383"}],"wp:attachment":[{"href":"https:\/\/stevedarragh.com\/es-mx\/wp-json\/wp\/v2\/media?parent=10382"}],"curies":[{"name":"wp","href":"https:\/\/api.w.org\/{rel}","templated":true}]}}