{"id":10190,"date":"2023-11-11T17:31:24","date_gmt":"2023-11-11T17:31:24","guid":{"rendered":"https:\/\/stevedarragh.com\/philanthropie\/"},"modified":"2023-12-08T21:21:33","modified_gmt":"2023-12-08T21:21:33","slug":"philanthropie","status":"publish","type":"page","link":"https:\/\/stevedarragh.com\/fr-ca\/philanthropie\/","title":{"rendered":"Philanthropie"},"content":{"rendered":"\t\t<div data-elementor-type=\"wp-page\" data-elementor-id=\"10190\" class=\"elementor elementor-10190 elementor-8174\" data-elementor-post-type=\"page\">\n\t\t\t\t\t\t<section class=\"elementor-section elementor-top-section elementor-element elementor-element-8ddff0d elementor-section-boxed elementor-section-height-default elementor-section-height-default\" data-id=\"8ddff0d\" data-element_type=\"section\" data-e-type=\"section\">\n\t\t\t\t\t\t<div class=\"elementor-container elementor-column-gap-default\">\n\t\t\t\t\t<div class=\"elementor-column elementor-col-100 elementor-top-column elementor-element elementor-element-d71cf8d\" data-id=\"d71cf8d\" data-element_type=\"column\" data-e-type=\"column\">\n\t\t\t<div class=\"elementor-widget-wrap elementor-element-populated\">\n\t\t\t\t\t\t<div class=\"elementor-element elementor-element-c85b7c0 elementor-widget elementor-widget-spacer\" data-id=\"c85b7c0\" data-element_type=\"widget\" data-e-type=\"widget\" data-widget_type=\"spacer.default\">\n\t\t\t\t<div class=\"elementor-widget-container\">\n\t\t\t\t\t\t\t<div class=\"elementor-spacer\">\n\t\t\t<div class=\"elementor-spacer-inner\"><\/div>\n\t\t<\/div>\n\t\t\t\t\t\t<\/div>\n\t\t\t\t<\/div>\n\t\t\t\t\t<\/div>\n\t\t<\/div>\n\t\t\t\t\t<\/div>\n\t\t<\/section>\n\t\t\t\t<section class=\"elementor-section elementor-top-section elementor-element elementor-element-cffa1d1 elementor-section-boxed elementor-section-height-default elementor-section-height-default\" data-id=\"cffa1d1\" data-element_type=\"section\" data-e-type=\"section\">\n\t\t\t\t\t\t<div class=\"elementor-container elementor-column-gap-default\">\n\t\t\t\t\t<div class=\"elementor-column elementor-col-100 elementor-top-column elementor-element elementor-element-95287bb\" data-id=\"95287bb\" data-element_type=\"column\" data-e-type=\"column\">\n\t\t\t<div class=\"elementor-widget-wrap elementor-element-populated\">\n\t\t\t\t\t\t<div class=\"elementor-element elementor-element-e252166 elementor-widget elementor-widget-image\" data-id=\"e252166\" data-element_type=\"widget\" data-e-type=\"widget\" data-widget_type=\"image.default\">\n\t\t\t\t<div class=\"elementor-widget-container\">\n\t\t\t\t\t\t\t\t\t\t\t\t\t\t\t<img fetchpriority=\"high\" decoding=\"async\" width=\"499\" height=\"159\" src=\"https:\/\/stevedarragh.com\/wp-content\/uploads\/2023\/11\/philanthropy.jpg?wsr\" class=\"attachment-medium_large size-medium_large wp-image-8185\" alt=\"\" srcset=\"https:\/\/stevedarragh.com\/wp-content\/uploads\/2023\/11\/philanthropy.jpg 499w, https:\/\/stevedarragh.com\/wp-content\/uploads\/2023\/11\/philanthropy-300x96.jpg 300w\" sizes=\"(max-width: 499px) 100vw, 499px\" \/>\t\t\t\t\t\t\t\t\t\t\t\t\t\t\t<\/div>\n\t\t\t\t<\/div>\n\t\t\t\t\t<\/div>\n\t\t<\/div>\n\t\t\t\t\t<\/div>\n\t\t<\/section>\n\t\t\t\t<section class=\"elementor-section elementor-top-section elementor-element elementor-element-5d00582 elementor-section-boxed elementor-section-height-default elementor-section-height-default\" data-id=\"5d00582\" data-element_type=\"section\" data-e-type=\"section\">\n\t\t\t\t\t\t<div class=\"elementor-container elementor-column-gap-default\">\n\t\t\t\t\t<div class=\"elementor-column elementor-col-33 elementor-top-column elementor-element elementor-element-c3a4b26\" data-id=\"c3a4b26\" data-element_type=\"column\" data-e-type=\"column\">\n\t\t\t<div class=\"elementor-widget-wrap elementor-element-populated\">\n\t\t\t\t\t\t<div class=\"elementor-element elementor-element-74d56de elementor-flip-box--effect-flip elementor-flip-box--direction-up elementor-widget elementor-widget-flip-box\" data-id=\"74d56de\" data-element_type=\"widget\" data-e-type=\"widget\" data-widget_type=\"flip-box.default\">\n\t\t\t\t<div class=\"elementor-widget-container\">\n\t\t\t\t\t\t\t<div class=\"elementor-flip-box\" tabindex=\"0\">\n\t\t\t<div class=\"elementor-flip-box__layer elementor-flip-box__front\">\n\t\t\t\t<div class=\"elementor-flip-box__layer__overlay\">\n\t\t\t\t\t<div class=\"elementor-flip-box__layer__inner\">\n\t\t\t\t\t\t\t\t\t\t\t\t\t<div class=\"elementor-flip-box__image\">\n\t\t\t\t\t\t\t\t<img decoding=\"async\" width=\"150\" height=\"150\" src=\"https:\/\/stevedarragh.com\/wp-content\/uploads\/2023\/11\/animal_care-150x150.jpg?wsr\" class=\"attachment-thumbnail size-thumbnail wp-image-8220\" alt=\"\" srcset=\"https:\/\/stevedarragh.com\/wp-content\/uploads\/2023\/11\/animal_care-150x150.jpg 150w, https:\/\/stevedarragh.com\/wp-content\/uploads\/2023\/11\/animal_care.jpg 225w\" sizes=\"(max-width: 150px) 100vw, 150px\" \/>\t\t\t\t\t\t\t<\/div>\n\t\t\t\t\t\t\n\t\t\t\t\t\t\t\t\t\t\t\t\t<h3 class=\"elementor-flip-box__layer__title\">\n\t\t\t\t\t\t\t\tSoins aux animaux\t\t\t\t\t\t\t<\/h3>\n\t\t\t\t\t\t\n\t\t\t\t\t\t\t\t\t\t\t\t\t<div class=\"elementor-flip-box__layer__description\">\n\t\t\t\t\t\t\t\tEn grandissant avec des chiens et des chats, je me suis toujours souci\u00e9 des animaux.  \t\t\t\t\t\t\t<\/div>\n\t\t\t\t\t\t\t\t\t\t\t<\/div>\n\t\t\t\t<\/div>\n\t\t\t<\/div>\n\t\t\t<div class=\"elementor-flip-box__layer elementor-flip-box__back\">\n\t\t\t<div class=\"elementor-flip-box__layer__overlay\">\n\t\t\t\t<div class=\"elementor-flip-box__layer__inner\">\n\t\t\t\t\t\t\t\t\t\t\t<h3 class=\"elementor-flip-box__layer__title\">\n\t\t\t\t\t\t\tSoins aux animaux\t\t\t\t\t\t<\/h3>\n\t\t\t\t\t\n\t\t\t\t\t\t\t\t\t\t\t<div class=\"elementor-flip-box__layer__description\">\n\t\t\t\t\t\t\tSi vous souhaitez faire du b\u00e9n\u00e9volat, veuillez cliquer sur le lien ci-dessous.  \t\t\t\t\t\t<\/div>\n\t\t\t\t\t\n\t\t\t\t\t\t\t\t\t\t\t<a class=\"elementor-flip-box__button elementor-button elementor-size-sm\" href=\"https:\/\/www.broward.org\/Animal\/Pages\/default.aspx\">\n\t\t\t\t\t\t\tDonnez en retour\t\t\t\t\t\t<\/a>\n\t\t\t\t\t\t\t\t<\/div>\n\t\t<\/div>\n\t\t<\/div>\n\t\t<\/div>\n\t\t\t\t\t\t<\/div>\n\t\t\t\t<\/div>\n\t\t\t\t\t<\/div>\n\t\t<\/div>\n\t\t\t\t<div class=\"elementor-column elementor-col-33 elementor-top-column elementor-element elementor-element-3f6e946\" data-id=\"3f6e946\" data-element_type=\"column\" data-e-type=\"column\">\n\t\t\t<div class=\"elementor-widget-wrap elementor-element-populated\">\n\t\t\t\t\t\t<div class=\"elementor-element elementor-element-8ff543e elementor-flip-box--effect-flip elementor-flip-box--direction-up elementor-widget elementor-widget-flip-box\" data-id=\"8ff543e\" data-element_type=\"widget\" data-e-type=\"widget\" data-widget_type=\"flip-box.default\">\n\t\t\t\t<div class=\"elementor-widget-container\">\n\t\t\t\t\t\t\t<div class=\"elementor-flip-box\" tabindex=\"0\">\n\t\t\t<div class=\"elementor-flip-box__layer elementor-flip-box__front\">\n\t\t\t\t<div class=\"elementor-flip-box__layer__overlay\">\n\t\t\t\t\t<div class=\"elementor-flip-box__layer__inner\">\n\t\t\t\t\t\t\t\t\t\t\t\t\t<div class=\"elementor-flip-box__image\">\n\t\t\t\t\t\t\t\t<img decoding=\"async\" width=\"150\" height=\"150\" src=\"https:\/\/stevedarragh.com\/wp-content\/uploads\/2023\/11\/FSF-1-150x150.png?wsr\" class=\"attachment-thumbnail size-thumbnail wp-image-8203\" alt=\"\" srcset=\"https:\/\/stevedarragh.com\/wp-content\/uploads\/2023\/11\/FSF-1-150x150.png 150w, https:\/\/stevedarragh.com\/wp-content\/uploads\/2023\/11\/FSF-1.png 300w\" sizes=\"(max-width: 150px) 100vw, 150px\" \/>\t\t\t\t\t\t\t<\/div>\n\t\t\t\t\t\t\n\t\t\t\t\t\t\t\t\t\t\t\t\t<h3 class=\"elementor-flip-box__layer__title\">\n\t\t\t\t\t\t\t\tAlimentation du sud de la Floride\t\t\t\t\t\t\t<\/h3>\n\t\t\t\t\t\t\n\t\t\t\t\t\t\t\t\t\t\t\t\t<div class=\"elementor-flip-box__layer__description\">\n\t\t\t\t\t\t\t\tEn 2023, l\u2019ins\u00e9curit\u00e9 alimentaire moyenne est de 13,9% dans le comt\u00e9 de Broward.\t\t\t\t\t\t\t<\/div>\n\t\t\t\t\t\t\t\t\t\t\t<\/div>\n\t\t\t\t<\/div>\n\t\t\t<\/div>\n\t\t\t<div class=\"elementor-flip-box__layer elementor-flip-box__back\">\n\t\t\t<div class=\"elementor-flip-box__layer__overlay\">\n\t\t\t\t<div class=\"elementor-flip-box__layer__inner\">\n\t\t\t\t\t\t\t\t\t\t\t<h3 class=\"elementor-flip-box__layer__title\">\n\t\t\t\t\t\t\tFaisons une diff\u00e9rence&nbsp;!\t\t\t\t\t\t<\/h3>\n\t\t\t\t\t\n\t\t\t\t\t\t\t\t\t\t\t<div class=\"elementor-flip-box__layer__description\">\n\t\t\t\t\t\t\tSi vous souhaitez en savoir plus, cliquez ci-dessous.  \t\t\t\t\t\t<\/div>\n\t\t\t\t\t\n\t\t\t\t\t\t\t\t\t\t\t<a class=\"elementor-flip-box__button elementor-button elementor-size-sm\" href=\"https:\/\/feedingsouthflorida.org\/\">\n\t\t\t\t\t\t\tDonnez en retour\t\t\t\t\t\t<\/a>\n\t\t\t\t\t\t\t\t<\/div>\n\t\t<\/div>\n\t\t<\/div>\n\t\t<\/div>\n\t\t\t\t\t\t<\/div>\n\t\t\t\t<\/div>\n\t\t\t\t\t<\/div>\n\t\t<\/div>\n\t\t\t\t<div class=\"elementor-column elementor-col-33 elementor-top-column elementor-element elementor-element-de640a8\" data-id=\"de640a8\" data-element_type=\"column\" data-e-type=\"column\">\n\t\t\t<div class=\"elementor-widget-wrap elementor-element-populated\">\n\t\t\t\t\t\t<div class=\"elementor-element elementor-element-c44845b elementor-flip-box--effect-flip elementor-flip-box--direction-up elementor-widget elementor-widget-flip-box\" data-id=\"c44845b\" data-element_type=\"widget\" data-e-type=\"widget\" data-widget_type=\"flip-box.default\">\n\t\t\t\t<div class=\"elementor-widget-container\">\n\t\t\t\t\t\t\t<div class=\"elementor-flip-box\" tabindex=\"0\">\n\t\t\t<div class=\"elementor-flip-box__layer elementor-flip-box__front\">\n\t\t\t\t<div class=\"elementor-flip-box__layer__overlay\">\n\t\t\t\t\t<div class=\"elementor-flip-box__layer__inner\">\n\t\t\t\t\t\t\t\t\t\t\t\t\t<div class=\"elementor-flip-box__image\">\n\t\t\t\t\t\t\t\t<img loading=\"lazy\" decoding=\"async\" width=\"150\" height=\"150\" src=\"https:\/\/stevedarragh.com\/wp-content\/uploads\/2023\/11\/NVO-1-150x150.png?wsr\" class=\"attachment-thumbnail size-thumbnail wp-image-8239\" alt=\"\" \/>\t\t\t\t\t\t\t<\/div>\n\t\t\t\t\t\t\n\t\t\t\t\t\t\t\t\t\t\t\t\t<h3 class=\"elementor-flip-box__layer__title\">\n\t\t\t\t\t\t\t\tService communautaire\t\t\t\t\t\t\t<\/h3>\n\t\t\t\t\t\t\n\t\t\t\t\t\t\t\t\t\t\t\t\t<div class=\"elementor-flip-box__layer__description\">\n\t\t\t\t\t\t\t\tLa s\u00fbret\u00e9 et la s\u00e9curit\u00e9 sont mon sang. Je me soucie particuli\u00e8rement de la communaut\u00e9 dans laquelle je vis.  \t\t\t\t\t\t\t<\/div>\n\t\t\t\t\t\t\t\t\t\t\t<\/div>\n\t\t\t\t<\/div>\n\t\t\t<\/div>\n\t\t\t<div class=\"elementor-flip-box__layer elementor-flip-box__back\">\n\t\t\t<div class=\"elementor-flip-box__layer__overlay\">\n\t\t\t\t<div class=\"elementor-flip-box__layer__inner\">\n\t\t\t\t\t\t\t\t\t\t\t<h3 class=\"elementor-flip-box__layer__title\">\n\t\t\t\t\t\t\tB\u00e9n\u00e9volat pour le service communautaire\t\t\t\t\t\t<\/h3>\n\t\t\t\t\t\n\t\t\t\t\t\t\t\t\t\t\t<div class=\"elementor-flip-box__layer__description\">\n\t\t\t\t\t\t\tEn tant que r\u00e9sident de Fort Lauderdale, je trouve qu\u2019il est de son devoir de redonner et d\u2019aider \u00e0 rendre la communaut\u00e9 aussi s\u00fbre que possible.  \t\t\t\t\t\t<\/div>\n\t\t\t\t\t\n\t\t\t\t\t\t\t\t\t\t\t<a class=\"elementor-flip-box__button elementor-button elementor-size-sm\" href=\"https:\/\/www.fortlauderdale.gov\/government\/departments-a-h\/city-manager-s-office\/neighbor-volunteer-office\">\n\t\t\t\t\t\t\tDonnez en retour&nbsp;!\t\t\t\t\t\t<\/a>\n\t\t\t\t\t\t\t\t<\/div>\n\t\t<\/div>\n\t\t<\/div>\n\t\t<\/div>\n\t\t\t\t\t\t<\/div>\n\t\t\t\t<\/div>\n\t\t\t\t\t<\/div>\n\t\t<\/div>\n\t\t\t\t\t<\/div>\n\t\t<\/section>\n\t\t\t\t<section class=\"elementor-section elementor-top-section elementor-element elementor-element-29837e6 elementor-section-boxed elementor-section-height-default elementor-section-height-default\" data-id=\"29837e6\" data-element_type=\"section\" data-e-type=\"section\">\n\t\t\t\t\t\t<div class=\"elementor-container elementor-column-gap-default\">\n\t\t\t\t\t<div class=\"elementor-column elementor-col-100 elementor-top-column elementor-element elementor-element-0651f79\" data-id=\"0651f79\" data-element_type=\"column\" data-e-type=\"column\">\n\t\t\t<div class=\"elementor-widget-wrap elementor-element-populated\">\n\t\t\t\t\t\t<div class=\"elementor-element elementor-element-58b47ee elementor-arrows-position-inside elementor-pagination-position-outside elementor-widget elementor-widget-image-carousel\" data-id=\"58b47ee\" data-element_type=\"widget\" data-e-type=\"widget\" data-settings=\"{&quot;navigation&quot;:&quot;both&quot;,&quot;autoplay&quot;:&quot;yes&quot;,&quot;pause_on_hover&quot;:&quot;yes&quot;,&quot;pause_on_interaction&quot;:&quot;yes&quot;,&quot;autoplay_speed&quot;:5000,&quot;infinite&quot;:&quot;yes&quot;,&quot;speed&quot;:500}\" data-widget_type=\"image-carousel.default\">\n\t\t\t\t<div class=\"elementor-widget-container\">\n\t\t\t\t\t\t\t<div class=\"elementor-image-carousel-wrapper swiper\" role=\"region\" aria-roledescription=\"carousel\" aria-label=\"Carrousel d\u2019images\" dir=\"ltr\">\n\t\t\t<div class=\"elementor-image-carousel swiper-wrapper\" aria-live=\"off\">\n\t\t\t\t\t\t\t\t<div class=\"swiper-slide\" role=\"group\" aria-roledescription=\"slide\" aria-label=\"1 of 1\"><figure class=\"swiper-slide-inner\"><img decoding=\"async\" class=\"swiper-slide-image\" src=\"https:\/\/stevedarragh.com\/wp-content\/uploads\/2023\/11\/Toys_For_Tots-768x1024.jpeg?wsr\" alt=\"Toys for Tota\" \/><\/figure><\/div>\t\t\t<\/div>\n\t\t\t\t\t<\/div>\n\t\t\t\t\t\t<\/div>\n\t\t\t\t<\/div>\n\t\t\t\t\t<\/div>\n\t\t<\/div>\n\t\t\t\t\t<\/div>\n\t\t<\/section>\n\t\t\t\t<section class=\"elementor-section elementor-top-section elementor-element elementor-element-f130d9c elementor-section-boxed elementor-section-height-default elementor-section-height-default\" data-id=\"f130d9c\" data-element_type=\"section\" data-e-type=\"section\">\n\t\t\t\t\t\t<div class=\"elementor-container elementor-column-gap-default\">\n\t\t\t\t\t<div class=\"elementor-column elementor-col-100 elementor-top-column elementor-element elementor-element-ac5bbb1\" data-id=\"ac5bbb1\" data-element_type=\"column\" data-e-type=\"column\">\n\t\t\t<div class=\"elementor-widget-wrap elementor-element-populated\">\n\t\t\t\t\t\t<div class=\"elementor-element elementor-element-52502fe elementor-widget elementor-widget-text-editor\" data-id=\"52502fe\" data-element_type=\"widget\" data-e-type=\"widget\" data-widget_type=\"text-editor.default\">\n\t\t\t\t<div class=\"elementor-widget-container\">\n\t\t\t\t\t\t\t\t\t<p><strong>  Importance de redonner :<\/strong><\/p>\n<p>Dans l\u2019agitation de notre vie quotidienne, il est facile de se laisser prendre par nos propres pr\u00e9occupations et aspirations. Cependant, au milieu du chaos, il y a un pouvoir de transformation qui passe souvent inaper\u00e7u &#8211; le pouvoir de redonner. Bien que le concept de philanthropie puisse sembler grandiose, son impact est profond et va bien au-del\u00e0 de l\u2019acte lui-m\u00eame.<\/p>\n<p><strong>L\u2019effet d\u2019entra\u00eenement&nbsp;:<\/strong><\/p>\n<p>Redonner ne concerne pas seulement l\u2019impact imm\u00e9diat sur les individus ou les communaut\u00e9s&nbsp;; il s\u2019agit de mettre en place un effet d\u2019entra\u00eenement qui peut cr\u00e9er un changement positif de mani\u00e8re inattendue. Un simple acte de gentillesse, que ce soit sous forme de temps, de ressources ou d\u2019expertise, peut inspirer les autres \u00e0 faire de m\u00eame. Cet effet d\u2019entra\u00eenement a le potentiel de cr\u00e9er une vague de changement positif qui transcende les fronti\u00e8res et transforme des vies.<\/p>\n<p><strong>B\u00e2tir des collectivit\u00e9s plus fortes :<\/strong><\/p>\n<p>Les communaut\u00e9s prosp\u00e8rent lorsque les individus se r\u00e9unissent pour se soutenir les uns les autres. Lorsque nous red\u00e9dons, nous contribuons \u00e0 la cr\u00e9ation d\u2019une soci\u00e9t\u00e9 solidaire et compatissante. Qu\u2019il s\u2019agisse de faire du b\u00e9n\u00e9volat dans un organisme de bienfaisance local, d\u2019aider un voisin dans le besoin ou de soutenir des initiatives communautaires, nos efforts collectifs construisent les bases d\u2019une communaut\u00e9 plus forte et plus r\u00e9siliente.<\/p>\n<p><strong>Favoriser une culture d\u2019empathie :<\/strong><\/p>\n<p>Dans un monde qui semble parfois de plus en plus d\u00e9connect\u00e9, redonner sert de rappel puissant de notre humanit\u00e9 commune. Il favorise une culture d\u2019empathie et de compr\u00e9hension, en faisant tomber les barri\u00e8res et en rassemblant les gens. En participant activement \u00e0 des actes de g\u00e9n\u00e9rosit\u00e9, nous cultivons un sentiment de compassion qui transcende les diff\u00e9rences et nous unit dans notre qu\u00eate commune d\u2019un monde meilleur.<\/p>\n<p><strong>Croissance et \u00e9panouissement personnels :<\/strong><\/p>\n<p>L\u2019acte de redonner n\u2019est pas seulement b\u00e9n\u00e9fique pour les b\u00e9n\u00e9ficiaires, mais aussi pour le donateur. S\u2019engager dans la philanthropie procure un sentiment de but et d\u2019\u00e9panouissement qui va au-del\u00e0 des r\u00e9alisations personnelles. Il offre une opportunit\u00e9 de croissance personnelle, permettant aux individus de d\u00e9velopper de l\u2019empathie, de la gratitude et une compr\u00e9hension plus profonde du monde qui les entoure.<\/p>\n<p><strong>Cr\u00e9er un h\u00e9ritage d\u2019impact positif :<\/strong><\/p>\n<p>Lorsque nous faisons de redonner une partie de notre mode de vie, nous contribuons \u00e0 la cr\u00e9ation d\u2019un h\u00e9ritage durable. Nos actions deviennent un t\u00e9moignage des valeurs qui nous sont ch\u00e8res et de l\u2019impact positif que nous visons \u00e0 laisser sur le monde. En inspirant les autres \u00e0 se joindre au voyage de redonner, nous cr\u00e9ons un h\u00e9ritage de gentillesse et de g\u00e9n\u00e9rosit\u00e9 qui s\u2019\u00e9tend bien au-del\u00e0 de notre propre vie.<\/p>\n<p><strong>Conclusion :<\/strong><\/p>\n<p>Dans un monde qui met souvent l\u2019accent sur la r\u00e9ussite individuelle, on ne saurais trop insister sur l\u2019importance de redonner. C\u2019est une force puissante qui non seulement transforme la vie de ceux qui sont dans le besoin, mais \u00e9l\u00e8ve \u00e9galement notre propre sens du but et de la connexion au monde. Alors que nous adoptons l\u2019effet d\u2019entra\u00eenement de redonner, nous devenons des catalyseurs de changement positif, favorisant des communaut\u00e9s plus fortes, nourrissant l\u2019empathie et laissant un h\u00e9ritage qui transcende le temps. Alors, reconnaissons l\u2019importance profonde de redonner et participons activement \u00e0 la cr\u00e9ation d\u2019un avenir plus brillant et plus compatissant pour tous.<\/p>\n\t\t\t\t\t\t\t\t<\/div>\n\t\t\t\t<\/div>\n\t\t\t\t\t<\/div>\n\t\t<\/div>\n\t\t\t\t\t<\/div>\n\t\t<\/section>\n\t\t\t\t<section class=\"elementor-section elementor-inner-section elementor-element elementor-element-9f71b27 elementor-section-full_width elementor-section-height-default elementor-section-height-default\" data-id=\"9f71b27\" data-element_type=\"section\" data-e-type=\"section\">\n\t\t\t\t\t\t<div class=\"elementor-container elementor-column-gap-default\">\n\t\t\t\t\t<div class=\"elementor-column elementor-col-33 elementor-inner-column elementor-element elementor-element-964fee4\" data-id=\"964fee4\" data-element_type=\"column\" data-e-type=\"column\">\n\t\t\t<div class=\"elementor-widget-wrap elementor-element-populated\">\n\t\t\t\t\t\t<div class=\"elementor-element elementor-element-ceeecd8 elementor-cta--skin-cover elementor-cta--valign-middle elementor-animated-content elementor-bg-transform elementor-bg-transform-zoom-in elementor-widget elementor-widget-call-to-action\" data-id=\"ceeecd8\" data-element_type=\"widget\" data-e-type=\"widget\" data-widget_type=\"call-to-action.default\">\n\t\t\t\t<div class=\"elementor-widget-container\">\n\t\t\t\t\t\t\t<a class=\"elementor-cta\" href=\"https:\/\/stevedarragh.com\/home-valuation\/\">\n\t\t\t\t\t<div class=\"elementor-cta__bg-wrapper\">\n\t\t\t\t<div class=\"elementor-cta__bg elementor-bg\" style=\"background-image: url(https:\/\/stevedarragh.com\/wp-content\/uploads\/2023\/10\/9816b836e20a6a4dc20bd8b54b19a33b.jpg?wsr);\" role=\"img\" aria-label=\"9816b836e20a6a4dc20bd8b54b19a33b\"><\/div>\n\t\t\t\t<div class=\"elementor-cta__bg-overlay\"><\/div>\n\t\t\t<\/div>\n\t\t\t\t\t\t\t<div class=\"elementor-cta__content\">\n\t\t\t\t\n\t\t\t\t\t\t\t\t\t<h2 class=\"elementor-cta__title elementor-cta__content-item elementor-content-item elementor-animated-item--move-up\">\n\t\t\t\t\t\t\u00c9VALUATION DE LA MAISON\t\t\t\t\t<\/h2>\n\t\t\t\t\n\t\t\t\t\n\t\t\t\t\t\t\t<\/div>\n\t\t\t\t\t\t<\/a>\n\t\t\t\t\t\t<\/div>\n\t\t\t\t<\/div>\n\t\t\t\t\t<\/div>\n\t\t<\/div>\n\t\t\t\t<div class=\"elementor-column elementor-col-33 elementor-inner-column elementor-element elementor-element-b78a47d\" data-id=\"b78a47d\" data-element_type=\"column\" data-e-type=\"column\">\n\t\t\t<div class=\"elementor-widget-wrap elementor-element-populated\">\n\t\t\t\t\t\t<div class=\"elementor-element elementor-element-120b10d elementor-cta--skin-cover elementor-cta--valign-middle elementor-animated-content elementor-bg-transform elementor-bg-transform-zoom-in elementor-widget elementor-widget-call-to-action\" data-id=\"120b10d\" data-element_type=\"widget\" data-e-type=\"widget\" data-widget_type=\"call-to-action.default\">\n\t\t\t\t<div class=\"elementor-widget-container\">\n\t\t\t\t\t\t\t<a class=\"elementor-cta\" href=\"https:\/\/stevedarragh.com\/search\/\" target=\"_blank\">\n\t\t\t\t\t<div class=\"elementor-cta__bg-wrapper\">\n\t\t\t\t<div class=\"elementor-cta__bg elementor-bg\" style=\"background-image: url(https:\/\/stevedarragh.com\/wp-content\/uploads\/2023\/10\/fb1-6.jpg?wsr);\" role=\"img\" aria-label=\"fb1-6\"><\/div>\n\t\t\t\t<div class=\"elementor-cta__bg-overlay\"><\/div>\n\t\t\t<\/div>\n\t\t\t\t\t\t\t<div class=\"elementor-cta__content\">\n\t\t\t\t\n\t\t\t\t\t\t\t\t\t<h2 class=\"elementor-cta__title elementor-cta__content-item elementor-content-item elementor-animated-item--move-up\">\n\t\t\t\t\t\tRecherche de propri\u00e9t\u00e9s\t\t\t\t\t<\/h2>\n\t\t\t\t\n\t\t\t\t\n\t\t\t\t\t\t\t<\/div>\n\t\t\t\t\t\t<\/a>\n\t\t\t\t\t\t<\/div>\n\t\t\t\t<\/div>\n\t\t\t\t\t<\/div>\n\t\t<\/div>\n\t\t\t\t<div class=\"elementor-column elementor-col-33 elementor-inner-column elementor-element elementor-element-ef7dfa9\" data-id=\"ef7dfa9\" data-element_type=\"column\" data-e-type=\"column\">\n\t\t\t<div class=\"elementor-widget-wrap elementor-element-populated\">\n\t\t\t\t\t\t<div class=\"elementor-element elementor-element-e375c23 elementor-cta--skin-cover elementor-cta--valign-middle elementor-animated-content elementor-bg-transform elementor-bg-transform-zoom-in elementor-widget elementor-widget-call-to-action\" data-id=\"e375c23\" data-element_type=\"widget\" data-e-type=\"widget\" data-widget_type=\"call-to-action.default\">\n\t\t\t\t<div class=\"elementor-widget-container\">\n\t\t\t\t\t\t\t<a class=\"elementor-cta\" href=\"https:\/\/stevedarragh.com\/contact\/\">\n\t\t\t\t\t<div class=\"elementor-cta__bg-wrapper\">\n\t\t\t\t<div class=\"elementor-cta__bg elementor-bg\" style=\"background-image: url(https:\/\/stevedarragh.com\/wp-content\/uploads\/2023\/10\/Miami_Interior_Design_Living_Room_Fischman.jpg?wsr);\" role=\"img\" aria-label=\"Miami_Interior_Design_Living_Room_Fischman\"><\/div>\n\t\t\t\t<div class=\"elementor-cta__bg-overlay\"><\/div>\n\t\t\t<\/div>\n\t\t\t\t\t\t\t<div class=\"elementor-cta__content\">\n\t\t\t\t\n\t\t\t\t\t\t\t\t\t<h2 class=\"elementor-cta__title elementor-cta__content-item elementor-content-item elementor-animated-item--move-up\">\n\t\t\t\t\t\tCONNECTONS-NOUS  \t\t\t\t\t<\/h2>\n\t\t\t\t\n\t\t\t\t\n\t\t\t\t\t\t\t<\/div>\n\t\t\t\t\t\t<\/a>\n\t\t\t\t\t\t<\/div>\n\t\t\t\t<\/div>\n\t\t\t\t\t<\/div>\n\t\t<\/div>\n\t\t\t\t\t<\/div>\n\t\t<\/section>\n\t\t\t\t<\/div>\n\t\t","protected":false},"excerpt":{"rendered":"<p>Animal Care Growing up with dogs and cats I have always cared about animals. Animal Care If you would like to volunteer please click the link below. Give Back Feeding South Florida In 2023 the average food insecurity is 13.9 percent in Broward County. Let&rsquo;s make a difference! If you are interested in learning more [&hellip;]<\/p>\n","protected":false},"author":1,"featured_media":0,"parent":0,"menu_order":0,"comment_status":"closed","ping_status":"closed","template":"","meta":{"om_disable_all_campaigns":false,"_monsterinsights_skip_tracking":false,"_monsterinsights_sitenote_active":false,"_monsterinsights_sitenote_note":"","_monsterinsights_sitenote_category":0,"_uf_show_specific_survey":0,"_uf_disable_surveys":false,"footnotes":""},"class_list":["post-10190","page","type-page","status-publish","hentry"],"_links":{"self":[{"href":"https:\/\/stevedarragh.com\/fr-ca\/wp-json\/wp\/v2\/pages\/10190","targetHints":{"allow":["GET"]}}],"collection":[{"href":"https:\/\/stevedarragh.com\/fr-ca\/wp-json\/wp\/v2\/pages"}],"about":[{"href":"https:\/\/stevedarragh.com\/fr-ca\/wp-json\/wp\/v2\/types\/page"}],"author":[{"embeddable":true,"href":"https:\/\/stevedarragh.com\/fr-ca\/wp-json\/wp\/v2\/users\/1"}],"replies":[{"embeddable":true,"href":"https:\/\/stevedarragh.com\/fr-ca\/wp-json\/wp\/v2\/comments?post=10190"}],"version-history":[{"count":3,"href":"https:\/\/stevedarragh.com\/fr-ca\/wp-json\/wp\/v2\/pages\/10190\/revisions"}],"predecessor-version":[{"id":10196,"href":"https:\/\/stevedarragh.com\/fr-ca\/wp-json\/wp\/v2\/pages\/10190\/revisions\/10196"}],"wp:attachment":[{"href":"https:\/\/stevedarragh.com\/fr-ca\/wp-json\/wp\/v2\/media?parent=10190"}],"curies":[{"name":"wp","href":"https:\/\/api.w.org\/{rel}","templated":true}]}}