{"id":10266,"date":"2023-11-11T02:39:37","date_gmt":"2023-11-11T02:39:37","guid":{"rendered":"https:\/\/stevedarragh.com\/commercialisation\/"},"modified":"2023-12-09T13:10:36","modified_gmt":"2023-12-09T13:10:36","slug":"commercialisation","status":"publish","type":"page","link":"https:\/\/stevedarragh.com\/fr-ca\/commercialisation\/","title":{"rendered":"Commercialisation"},"content":{"rendered":"\t\t<div data-elementor-type=\"wp-page\" data-elementor-id=\"10266\" class=\"elementor elementor-10266 elementor-8040\" data-elementor-post-type=\"page\">\n\t\t\t\t\t\t<section class=\"elementor-section elementor-top-section elementor-element elementor-element-1c922e2 elementor-section-boxed elementor-section-height-default elementor-section-height-default\" data-id=\"1c922e2\" data-element_type=\"section\" data-e-type=\"section\">\n\t\t\t\t\t\t<div class=\"elementor-container elementor-column-gap-default\">\n\t\t\t\t\t<div class=\"elementor-column elementor-col-100 elementor-top-column elementor-element elementor-element-c433d2a\" data-id=\"c433d2a\" data-element_type=\"column\" data-e-type=\"column\">\n\t\t\t<div class=\"elementor-widget-wrap elementor-element-populated\">\n\t\t\t\t\t\t<div class=\"elementor-element elementor-element-21cdc26 elementor-widget elementor-widget-heading\" data-id=\"21cdc26\" data-element_type=\"widget\" data-e-type=\"widget\" data-widget_type=\"heading.default\">\n\t\t\t\t<div class=\"elementor-widget-container\">\n\t\t\t\t\t<h2 class=\"elementor-heading-title elementor-size-default\">Commercialisation<\/h2>\t\t\t\t<\/div>\n\t\t\t\t<\/div>\n\t\t\t\t\t<\/div>\n\t\t<\/div>\n\t\t\t\t\t<\/div>\n\t\t<\/section>\n\t\t\t\t<section class=\"elementor-section elementor-top-section elementor-element elementor-element-5912422 elementor-section-boxed elementor-section-height-default elementor-section-height-default\" data-id=\"5912422\" data-element_type=\"section\" data-e-type=\"section\">\n\t\t\t\t\t\t<div class=\"elementor-container elementor-column-gap-default\">\n\t\t\t\t\t<div class=\"elementor-column elementor-col-50 elementor-top-column elementor-element elementor-element-e7eaac8\" data-id=\"e7eaac8\" data-element_type=\"column\" data-e-type=\"column\">\n\t\t\t<div class=\"elementor-widget-wrap\">\n\t\t\t\t\t\t\t<\/div>\n\t\t<\/div>\n\t\t\t\t<div class=\"elementor-column elementor-col-50 elementor-top-column elementor-element elementor-element-82c3f07\" data-id=\"82c3f07\" data-element_type=\"column\" data-e-type=\"column\">\n\t\t\t<div class=\"elementor-widget-wrap\">\n\t\t\t\t\t\t\t<\/div>\n\t\t<\/div>\n\t\t\t\t\t<\/div>\n\t\t<\/section>\n\t\t\t\t<section class=\"elementor-section elementor-top-section elementor-element elementor-element-7538ab4 elementor-section-boxed elementor-section-height-default elementor-section-height-default\" data-id=\"7538ab4\" data-element_type=\"section\" data-e-type=\"section\">\n\t\t\t\t\t\t<div class=\"elementor-container elementor-column-gap-default\">\n\t\t\t\t\t<div class=\"elementor-column elementor-col-100 elementor-top-column elementor-element elementor-element-e855571\" data-id=\"e855571\" data-element_type=\"column\" data-e-type=\"column\">\n\t\t\t<div class=\"elementor-widget-wrap elementor-element-populated\">\n\t\t\t\t\t\t<div class=\"elementor-element elementor-element-f7cf846 elementor-widget elementor-widget-spacer\" data-id=\"f7cf846\" data-element_type=\"widget\" data-e-type=\"widget\" data-widget_type=\"spacer.default\">\n\t\t\t\t<div class=\"elementor-widget-container\">\n\t\t\t\t\t\t\t<div class=\"elementor-spacer\">\n\t\t\t<div class=\"elementor-spacer-inner\"><\/div>\n\t\t<\/div>\n\t\t\t\t\t\t<\/div>\n\t\t\t\t<\/div>\n\t\t\t\t\t<\/div>\n\t\t<\/div>\n\t\t\t\t\t<\/div>\n\t\t<\/section>\n\t\t\t\t<section class=\"elementor-section elementor-top-section elementor-element elementor-element-c064c66 elementor-section-boxed elementor-section-height-default elementor-section-height-default\" data-id=\"c064c66\" data-element_type=\"section\" data-e-type=\"section\">\n\t\t\t\t\t\t<div class=\"elementor-container elementor-column-gap-default\">\n\t\t\t\t\t<div class=\"elementor-column elementor-col-100 elementor-top-column elementor-element elementor-element-1f9e3e9\" data-id=\"1f9e3e9\" data-element_type=\"column\" data-e-type=\"column\">\n\t\t\t<div class=\"elementor-widget-wrap elementor-element-populated\">\n\t\t\t\t\t\t<div class=\"elementor-element elementor-element-8052924 elementor-widget elementor-widget-heading\" data-id=\"8052924\" data-element_type=\"widget\" data-e-type=\"widget\" data-widget_type=\"heading.default\">\n\t\t\t\t<div class=\"elementor-widget-container\">\n\t\t\t\t\t<h2 class=\"elementor-heading-title elementor-size-default\">Commercialisation<\/h2>\t\t\t\t<\/div>\n\t\t\t\t<\/div>\n\t\t\t\t\t<\/div>\n\t\t<\/div>\n\t\t\t\t\t<\/div>\n\t\t<\/section>\n\t\t\t\t<section class=\"elementor-section elementor-top-section elementor-element elementor-element-7882191 elementor-section-boxed elementor-section-height-default elementor-section-height-default\" data-id=\"7882191\" data-element_type=\"section\" data-e-type=\"section\">\n\t\t\t\t\t\t<div class=\"elementor-container elementor-column-gap-default\">\n\t\t\t\t\t<div class=\"elementor-column elementor-col-100 elementor-top-column elementor-element elementor-element-f11e021\" data-id=\"f11e021\" data-element_type=\"column\" data-e-type=\"column\">\n\t\t\t<div class=\"elementor-widget-wrap elementor-element-populated\">\n\t\t\t\t\t\t<div class=\"elementor-element elementor-element-2eefa8c elementor-widget elementor-widget-heading\" data-id=\"2eefa8c\" data-element_type=\"widget\" data-e-type=\"widget\" data-widget_type=\"heading.default\">\n\t\t\t\t<div class=\"elementor-widget-container\">\n\t\t\t\t\t<h2 class=\"elementor-heading-title elementor-size-xxl\">Strat\u00e9gie<\/h2>\t\t\t\t<\/div>\n\t\t\t\t<\/div>\n\t\t\t\t\t<\/div>\n\t\t<\/div>\n\t\t\t\t\t<\/div>\n\t\t<\/section>\n\t\t\t\t<section class=\"elementor-section elementor-top-section elementor-element elementor-element-3a3c937 elementor-section-boxed elementor-section-height-default elementor-section-height-default\" data-id=\"3a3c937\" data-element_type=\"section\" data-e-type=\"section\">\n\t\t\t\t\t\t<div class=\"elementor-container elementor-column-gap-default\">\n\t\t\t\t\t<div class=\"elementor-column elementor-col-100 elementor-top-column elementor-element elementor-element-96a168e\" data-id=\"96a168e\" data-element_type=\"column\" data-e-type=\"column\">\n\t\t\t<div class=\"elementor-widget-wrap elementor-element-populated\">\n\t\t\t\t\t\t<div class=\"elementor-element elementor-element-8e770e6 elementor-widget elementor-widget-spacer\" data-id=\"8e770e6\" data-element_type=\"widget\" data-e-type=\"widget\" data-widget_type=\"spacer.default\">\n\t\t\t\t<div class=\"elementor-widget-container\">\n\t\t\t\t\t\t\t<div class=\"elementor-spacer\">\n\t\t\t<div class=\"elementor-spacer-inner\"><\/div>\n\t\t<\/div>\n\t\t\t\t\t\t<\/div>\n\t\t\t\t<\/div>\n\t\t\t\t\t<\/div>\n\t\t<\/div>\n\t\t\t\t\t<\/div>\n\t\t<\/section>\n\t\t\t\t<section class=\"elementor-section elementor-top-section elementor-element elementor-element-f6ae1d9 elementor-section-boxed elementor-section-height-default elementor-section-height-default\" data-id=\"f6ae1d9\" data-element_type=\"section\" data-e-type=\"section\">\n\t\t\t\t\t\t<div class=\"elementor-container elementor-column-gap-default\">\n\t\t\t\t\t<div class=\"elementor-column elementor-col-100 elementor-top-column elementor-element elementor-element-ff3d9eb\" data-id=\"ff3d9eb\" data-element_type=\"column\" data-e-type=\"column\">\n\t\t\t<div class=\"elementor-widget-wrap elementor-element-populated\">\n\t\t\t\t\t\t<div class=\"elementor-element elementor-element-58d2eda elementor-widget elementor-widget-heading\" data-id=\"58d2eda\" data-element_type=\"widget\" data-e-type=\"widget\" data-widget_type=\"heading.default\">\n\t\t\t\t<div class=\"elementor-widget-container\">\n\t\t\t\t\t<h2 class=\"elementor-heading-title elementor-size-default\">Publicit\u00e9<\/h2>\t\t\t\t<\/div>\n\t\t\t\t<\/div>\n\t\t\t\t\t<\/div>\n\t\t<\/div>\n\t\t\t\t\t<\/div>\n\t\t<\/section>\n\t\t\t\t<section class=\"elementor-section elementor-top-section elementor-element elementor-element-0d7c6db elementor-section-boxed elementor-section-height-default elementor-section-height-default\" data-id=\"0d7c6db\" data-element_type=\"section\" data-e-type=\"section\">\n\t\t\t\t\t\t<div class=\"elementor-container elementor-column-gap-default\">\n\t\t\t\t\t<div class=\"elementor-column elementor-col-100 elementor-top-column elementor-element elementor-element-83e9496\" data-id=\"83e9496\" data-element_type=\"column\" data-e-type=\"column\">\n\t\t\t<div class=\"elementor-widget-wrap elementor-element-populated\">\n\t\t\t\t\t\t<div class=\"elementor-element elementor-element-6fd9cc8 elementor-widget elementor-widget-spacer\" data-id=\"6fd9cc8\" data-element_type=\"widget\" data-e-type=\"widget\" data-widget_type=\"spacer.default\">\n\t\t\t\t<div class=\"elementor-widget-container\">\n\t\t\t\t\t\t\t<div class=\"elementor-spacer\">\n\t\t\t<div class=\"elementor-spacer-inner\"><\/div>\n\t\t<\/div>\n\t\t\t\t\t\t<\/div>\n\t\t\t\t<\/div>\n\t\t\t\t\t<\/div>\n\t\t<\/div>\n\t\t\t\t\t<\/div>\n\t\t<\/section>\n\t\t\t\t<section class=\"elementor-section elementor-top-section elementor-element elementor-element-bdc0e7e elementor-section-boxed elementor-section-height-default elementor-section-height-default\" data-id=\"bdc0e7e\" data-element_type=\"section\" data-e-type=\"section\">\n\t\t\t\t\t\t<div class=\"elementor-container elementor-column-gap-default\">\n\t\t\t\t\t<div class=\"elementor-column elementor-col-100 elementor-top-column elementor-element elementor-element-9e789c0\" data-id=\"9e789c0\" data-element_type=\"column\" data-e-type=\"column\">\n\t\t\t<div class=\"elementor-widget-wrap elementor-element-populated\">\n\t\t\t\t\t\t<div class=\"elementor-element elementor-element-d16d848 elementor-widget elementor-widget-heading\" data-id=\"d16d848\" data-element_type=\"widget\" data-e-type=\"widget\" data-widget_type=\"heading.default\">\n\t\t\t\t<div class=\"elementor-widget-container\">\n\t\t\t\t\t<h2 class=\"elementor-heading-title elementor-size-default\">Mise en sc\u00e8ne physique et mise en sc\u00e8ne virtuelle<\/h2>\t\t\t\t<\/div>\n\t\t\t\t<\/div>\n\t\t\t\t\t<\/div>\n\t\t<\/div>\n\t\t\t\t\t<\/div>\n\t\t<\/section>\n\t\t\t\t<section class=\"elementor-section elementor-top-section elementor-element elementor-element-6cd544e elementor-section-boxed elementor-section-height-default elementor-section-height-default\" data-id=\"6cd544e\" data-element_type=\"section\" data-e-type=\"section\">\n\t\t\t\t\t\t<div class=\"elementor-container elementor-column-gap-default\">\n\t\t\t\t\t<div class=\"elementor-column elementor-col-50 elementor-top-column elementor-element elementor-element-4583700\" data-id=\"4583700\" data-element_type=\"column\" data-e-type=\"column\">\n\t\t\t<div class=\"elementor-widget-wrap elementor-element-populated\">\n\t\t\t\t\t\t<div class=\"elementor-element elementor-element-689ac8d elementor-widget elementor-widget-e_image_hover_effects\" data-id=\"689ac8d\" data-element_type=\"widget\" data-e-type=\"widget\" data-widget_type=\"e_image_hover_effects.default\">\n\t\t\t\t<div class=\"elementor-widget-container\">\n\t\t\t\t\t\t\t\t<div class=\"eihe-box eihe-fade-in-up eihe_center\">\n\t\t\t\t<img fetchpriority=\"high\" decoding=\"async\" width=\"1434\" height=\"559\" src=\"https:\/\/stevedarragh.com\/wp-content\/uploads\/2023\/11\/1434x559.jpg?wsr\" class=\"attachment-full size-full wp-image-8426\" alt=\"\" srcset=\"https:\/\/stevedarragh.com\/wp-content\/uploads\/2023\/11\/1434x559.jpg 1434w, https:\/\/stevedarragh.com\/wp-content\/uploads\/2023\/11\/1434x559-300x117.jpg 300w, https:\/\/stevedarragh.com\/wp-content\/uploads\/2023\/11\/1434x559-1024x399.jpg 1024w, https:\/\/stevedarragh.com\/wp-content\/uploads\/2023\/11\/1434x559-768x299.jpg 768w\" sizes=\"(max-width: 1434px) 100vw, 1434px\" \/>\t\t\t\t<div class=\"eihe-caption\">\n\t\t\t\t\t<div class=\"eihe-title-cover\">\n\t\t\t\t\t\t\t\t\t\t\t\t<h3 class=\"eihe-title\">Stadification physique<\/h3>\n\t\t\t\t\t\t\t\t\t\t\t<\/div>\n\t\t\t\t\t<p>51 pour cent ont d\u00e9clar\u00e9 que la mise en sc\u00e8ne a un effet sur la vision de la maison par la plupart des acheteurs. 27% des agents du vendeur ont d\u00e9clar\u00e9 que les maisons mises en sc\u00e8ne passaient moins de temps sur le march\u00e9. 23 pour cent ont d\u00e9clar\u00e9 qu\u2019ils avaient mis en sc\u00e8ne toutes les maisons des clients avant de les mettre en vente. 20 pour cent de tous les agents ont d\u00e9clar\u00e9 que le home staging augmentait la valeur d\u2019une maison jusqu\u2019\u00e0 5 pour cent.<\/p>\n\t\t\t\t<\/div>\n\t\t\t<\/div>\n\t\t\t\t\t\t<\/div>\n\t\t\t\t<\/div>\n\t\t\t\t\t<\/div>\n\t\t<\/div>\n\t\t\t\t<div class=\"elementor-column elementor-col-50 elementor-top-column elementor-element elementor-element-44679a7\" data-id=\"44679a7\" data-element_type=\"column\" data-e-type=\"column\">\n\t\t\t<div class=\"elementor-widget-wrap elementor-element-populated\">\n\t\t\t\t\t\t<div class=\"elementor-element elementor-element-14cb5c1 elementor-widget elementor-widget-e_image_hover_effects\" data-id=\"14cb5c1\" data-element_type=\"widget\" data-e-type=\"widget\" data-widget_type=\"e_image_hover_effects.default\">\n\t\t\t\t<div class=\"elementor-widget-container\">\n\t\t\t\t\t\t\t\t<div class=\"eihe-box eihe-fade-in-up eihe_center\">\n\t\t\t\t<img decoding=\"async\" width=\"1434\" height=\"559\" src=\"https:\/\/stevedarragh.com\/wp-content\/uploads\/2023\/11\/virtual1434x559.png?wsr\" class=\"attachment-full size-full wp-image-8427\" alt=\"\" srcset=\"https:\/\/stevedarragh.com\/wp-content\/uploads\/2023\/11\/virtual1434x559.png 1434w, https:\/\/stevedarragh.com\/wp-content\/uploads\/2023\/11\/virtual1434x559-300x117.png 300w, https:\/\/stevedarragh.com\/wp-content\/uploads\/2023\/11\/virtual1434x559-1024x399.png 1024w, https:\/\/stevedarragh.com\/wp-content\/uploads\/2023\/11\/virtual1434x559-768x299.png 768w\" sizes=\"(max-width: 1434px) 100vw, 1434px\" \/>\t\t\t\t<div class=\"eihe-caption\">\n\t\t\t\t\t<div class=\"eihe-title-cover\">\n\t\t\t\t\t\t\t\t\t\t\t\t<h3 class=\"eihe-title\">Mise en sc\u00e8ne virtuelle<\/h3>\n\t\t\t\t\t\t\t\t\t\t\t<\/div>\n\t\t\t\t\t<p>La mise en sc\u00e8ne virtuelle peut r\u00e9duire le co\u00fbt de la mise en lots jusqu\u2019\u00e0 97 %. La mise en sc\u00e8ne virtuelle peut aider \u00e0 louer une maison et des unit\u00e9s pour plus d\u2019argent. La mise en sc\u00e8ne virtuelle peut ressembler \u00e0 100% \u00e0 la vraie chose. La mise en sc\u00e8ne virtuelle offre une libert\u00e9 cr\u00e9ative \u00e0 100%. La mise en sc\u00e8ne virtuelle est id\u00e9ale pour montrer aux acheteurs potentiels \u00e0 quoi peuvent ressembler les arrangements de meubles.<\/p>\n\t\t\t\t<\/div>\n\t\t\t<\/div>\n\t\t\t\t\t\t<\/div>\n\t\t\t\t<\/div>\n\t\t\t\t\t<\/div>\n\t\t<\/div>\n\t\t\t\t\t<\/div>\n\t\t<\/section>\n\t\t\t\t<\/div>\n\t\t","protected":false},"excerpt":{"rendered":"<p>Commercialisation Commercialisation Strat\u00e9gie Publicit\u00e9 Mise en sc\u00e8ne physique et mise en sc\u00e8ne virtuelle Stadification physique 51 pour cent ont d\u00e9clar\u00e9 que la mise en sc\u00e8ne a un effet sur la vision de la maison par la plupart des acheteurs. 27% des agents du vendeur ont d\u00e9clar\u00e9 que les maisons mises en sc\u00e8ne passaient moins de [&hellip;]<\/p>\n","protected":false},"author":1,"featured_media":0,"parent":0,"menu_order":0,"comment_status":"closed","ping_status":"closed","template":"","meta":{"om_disable_all_campaigns":false,"_monsterinsights_skip_tracking":false,"_monsterinsights_sitenote_active":false,"_monsterinsights_sitenote_note":"","_monsterinsights_sitenote_category":0,"_uf_show_specific_survey":0,"_uf_disable_surveys":false,"footnotes":""},"class_list":["post-10266","page","type-page","status-publish","hentry"],"_links":{"self":[{"href":"https:\/\/stevedarragh.com\/fr-ca\/wp-json\/wp\/v2\/pages\/10266","targetHints":{"allow":["GET"]}}],"collection":[{"href":"https:\/\/stevedarragh.com\/fr-ca\/wp-json\/wp\/v2\/pages"}],"about":[{"href":"https:\/\/stevedarragh.com\/fr-ca\/wp-json\/wp\/v2\/types\/page"}],"author":[{"embeddable":true,"href":"https:\/\/stevedarragh.com\/fr-ca\/wp-json\/wp\/v2\/users\/1"}],"replies":[{"embeddable":true,"href":"https:\/\/stevedarragh.com\/fr-ca\/wp-json\/wp\/v2\/comments?post=10266"}],"version-history":[{"count":1,"href":"https:\/\/stevedarragh.com\/fr-ca\/wp-json\/wp\/v2\/pages\/10266\/revisions"}],"predecessor-version":[{"id":10267,"href":"https:\/\/stevedarragh.com\/fr-ca\/wp-json\/wp\/v2\/pages\/10266\/revisions\/10267"}],"wp:attachment":[{"href":"https:\/\/stevedarragh.com\/fr-ca\/wp-json\/wp\/v2\/media?parent=10266"}],"curies":[{"name":"wp","href":"https:\/\/api.w.org\/{rel}","templated":true}]}}