{"id":10185,"date":"2023-11-13T02:47:05","date_gmt":"2023-11-13T02:47:05","guid":{"rendered":"https:\/\/stevedarragh.com\/baixar-meu-aplicativo\/"},"modified":"2023-12-08T21:21:24","modified_gmt":"2023-12-08T21:21:24","slug":"baixar-meu-aplicativo","status":"publish","type":"page","link":"https:\/\/stevedarragh.com\/pt-br\/baixar-meu-aplicativo\/","title":{"rendered":"Baixar meu aplicativo"},"content":{"rendered":"\t\t<div data-elementor-type=\"wp-page\" data-elementor-id=\"10185\" class=\"elementor elementor-10185 elementor-8457\" data-elementor-post-type=\"page\">\n\t\t\t\t\t\t<section class=\"elementor-section elementor-top-section elementor-element elementor-element-80d4a46 elementor-section-boxed elementor-section-height-default elementor-section-height-default\" data-id=\"80d4a46\" data-element_type=\"section\" data-e-type=\"section\">\n\t\t\t\t\t\t<div class=\"elementor-container elementor-column-gap-default\">\n\t\t\t\t\t<div class=\"elementor-column elementor-col-100 elementor-top-column elementor-element elementor-element-579ffea\" data-id=\"579ffea\" data-element_type=\"column\" data-e-type=\"column\">\n\t\t\t<div class=\"elementor-widget-wrap elementor-element-populated\">\n\t\t\t\t\t\t<div class=\"elementor-element elementor-element-d9cdc3c elementor-widget elementor-widget-spacer\" data-id=\"d9cdc3c\" data-element_type=\"widget\" data-e-type=\"widget\" data-widget_type=\"spacer.default\">\n\t\t\t\t<div class=\"elementor-widget-container\">\n\t\t\t\t\t\t\t<div class=\"elementor-spacer\">\n\t\t\t<div class=\"elementor-spacer-inner\"><\/div>\n\t\t<\/div>\n\t\t\t\t\t\t<\/div>\n\t\t\t\t<\/div>\n\t\t\t\t\t<\/div>\n\t\t<\/div>\n\t\t\t\t\t<\/div>\n\t\t<\/section>\n\t\t\t\t<section class=\"elementor-section elementor-top-section elementor-element elementor-element-84723c5 elementor-section-boxed elementor-section-height-default elementor-section-height-default\" data-id=\"84723c5\" data-element_type=\"section\" data-e-type=\"section\">\n\t\t\t\t\t\t<div class=\"elementor-container elementor-column-gap-default\">\n\t\t\t\t\t<div class=\"elementor-column elementor-col-100 elementor-top-column elementor-element elementor-element-65213c3\" data-id=\"65213c3\" data-element_type=\"column\" data-e-type=\"column\">\n\t\t\t<div class=\"elementor-widget-wrap elementor-element-populated\">\n\t\t\t\t\t\t<div class=\"elementor-element elementor-element-1235d6e elementor-widget elementor-widget-heading\" data-id=\"1235d6e\" data-element_type=\"widget\" data-e-type=\"widget\" data-widget_type=\"heading.default\">\n\t\t\t\t<div class=\"elementor-widget-container\">\n\t\t\t\t\t<h2 class=\"elementor-heading-title elementor-size-default\">Baixe meu aplicativo abaixo para visualizar e salvar casas.<\/h2>\t\t\t\t<\/div>\n\t\t\t\t<\/div>\n\t\t\t\t\t<\/div>\n\t\t<\/div>\n\t\t\t\t\t<\/div>\n\t\t<\/section>\n\t\t\t\t<section class=\"elementor-section elementor-top-section elementor-element elementor-element-c30d2ae elementor-section-boxed elementor-section-height-default elementor-section-height-default\" data-id=\"c30d2ae\" data-element_type=\"section\" data-e-type=\"section\">\n\t\t\t\t\t\t<div class=\"elementor-container elementor-column-gap-default\">\n\t\t\t\t\t<div class=\"elementor-column elementor-col-100 elementor-top-column elementor-element elementor-element-1a790c0\" data-id=\"1a790c0\" data-element_type=\"column\" data-e-type=\"column\">\n\t\t\t<div class=\"elementor-widget-wrap\">\n\t\t\t\t\t\t\t<\/div>\n\t\t<\/div>\n\t\t\t\t\t<\/div>\n\t\t<\/section>\n\t\t\t\t<section class=\"elementor-section elementor-top-section elementor-element elementor-element-51d43c6 elementor-section-boxed elementor-section-height-default elementor-section-height-default\" data-id=\"51d43c6\" data-element_type=\"section\" data-e-type=\"section\">\n\t\t\t\t\t\t<div class=\"elementor-container elementor-column-gap-default\">\n\t\t\t\t\t<div class=\"elementor-column elementor-col-100 elementor-top-column elementor-element elementor-element-bb81ff9\" data-id=\"bb81ff9\" data-element_type=\"column\" data-e-type=\"column\">\n\t\t\t<div class=\"elementor-widget-wrap elementor-element-populated\">\n\t\t\t\t\t\t<div class=\"elementor-element elementor-element-b51f0e5 elementor-widget elementor-widget-image\" data-id=\"b51f0e5\" data-element_type=\"widget\" data-e-type=\"widget\" data-widget_type=\"image.default\">\n\t\t\t\t<div class=\"elementor-widget-container\">\n\t\t\t\t\t\t\t\t\t\t\t\t\t\t\t<img fetchpriority=\"high\" decoding=\"async\" width=\"300\" height=\"300\" src=\"https:\/\/stevedarragh.com\/wp-content\/uploads\/2023\/11\/Download-My-App-QR-1-300x300.png?wsr\" class=\"attachment-medium size-medium wp-image-8469\" alt=\"\" srcset=\"https:\/\/stevedarragh.com\/wp-content\/uploads\/2023\/11\/Download-My-App-QR-1-300x300.png 300w, https:\/\/stevedarragh.com\/wp-content\/uploads\/2023\/11\/Download-My-App-QR-1-1024x1024.png 1024w, https:\/\/stevedarragh.com\/wp-content\/uploads\/2023\/11\/Download-My-App-QR-1-150x150.png 150w, https:\/\/stevedarragh.com\/wp-content\/uploads\/2023\/11\/Download-My-App-QR-1-768x768.png 768w, https:\/\/stevedarragh.com\/wp-content\/uploads\/2023\/11\/Download-My-App-QR-1.png 1080w\" sizes=\"(max-width: 300px) 100vw, 300px\" \/>\t\t\t\t\t\t\t\t\t\t\t\t\t\t\t<\/div>\n\t\t\t\t<\/div>\n\t\t\t\t\t<\/div>\n\t\t<\/div>\n\t\t\t\t\t<\/div>\n\t\t<\/section>\n\t\t\t\t<section class=\"elementor-section elementor-top-section elementor-element elementor-element-eba3f5f elementor-section-boxed elementor-section-height-default elementor-section-height-default\" data-id=\"eba3f5f\" data-element_type=\"section\" data-e-type=\"section\">\n\t\t\t\t\t\t<div class=\"elementor-container elementor-column-gap-default\">\n\t\t\t\t\t<div class=\"elementor-column elementor-col-100 elementor-top-column elementor-element elementor-element-3334f30\" data-id=\"3334f30\" data-element_type=\"column\" data-e-type=\"column\">\n\t\t\t<div class=\"elementor-widget-wrap elementor-element-populated\">\n\t\t\t\t\t\t<div class=\"elementor-element elementor-element-5515d48 elementor-widget elementor-widget-image\" data-id=\"5515d48\" data-element_type=\"widget\" data-e-type=\"widget\" data-widget_type=\"image.default\">\n\t\t\t\t<div class=\"elementor-widget-container\">\n\t\t\t\t\t\t\t\t\t\t\t\t\t\t\t<img decoding=\"async\" width=\"800\" height=\"120\" src=\"https:\/\/stevedarragh.com\/wp-content\/uploads\/2023\/11\/download_my_kw.png?wsr\" class=\"attachment-large size-large wp-image-8720\" alt=\"\" srcset=\"https:\/\/stevedarragh.com\/wp-content\/uploads\/2023\/11\/download_my_kw.png 1000w, https:\/\/stevedarragh.com\/wp-content\/uploads\/2023\/11\/download_my_kw-300x45.png 300w, https:\/\/stevedarragh.com\/wp-content\/uploads\/2023\/11\/download_my_kw-768x115.png 768w\" sizes=\"(max-width: 800px) 100vw, 800px\" \/>\t\t\t\t\t\t\t\t\t\t\t\t\t\t\t<\/div>\n\t\t\t\t<\/div>\n\t\t\t\t\t<\/div>\n\t\t<\/div>\n\t\t\t\t\t<\/div>\n\t\t<\/section>\n\t\t\t\t<section class=\"elementor-section elementor-top-section elementor-element elementor-element-721d11a elementor-section-boxed elementor-section-height-default elementor-section-height-default\" data-id=\"721d11a\" data-element_type=\"section\" data-e-type=\"section\">\n\t\t\t\t\t\t<div class=\"elementor-container elementor-column-gap-default\">\n\t\t\t\t\t<div class=\"elementor-column elementor-col-25 elementor-top-column elementor-element elementor-element-1bccd09\" data-id=\"1bccd09\" data-element_type=\"column\" data-e-type=\"column\">\n\t\t\t<div class=\"elementor-widget-wrap elementor-element-populated\">\n\t\t\t\t\t\t<div class=\"elementor-element elementor-element-80b9fba elementor-widget elementor-widget-e_image_hover_effects\" data-id=\"80b9fba\" data-element_type=\"widget\" data-e-type=\"widget\" data-widget_type=\"e_image_hover_effects.default\">\n\t\t\t\t<div class=\"elementor-widget-container\">\n\t\t\t\t\t\t\t\t<div class=\"eihe-box eihe-fade-in-up eihe_center\">\n\t\t\t\t<img decoding=\"async\" width=\"1179\" height=\"1995\" src=\"https:\/\/stevedarragh.com\/wp-content\/uploads\/2023\/11\/Step_1.jpg?wsr\" class=\"attachment-full size-full wp-image-8725\" alt=\"\" srcset=\"https:\/\/stevedarragh.com\/wp-content\/uploads\/2023\/11\/Step_1.jpg 1179w, https:\/\/stevedarragh.com\/wp-content\/uploads\/2023\/11\/Step_1-177x300.jpg 177w, https:\/\/stevedarragh.com\/wp-content\/uploads\/2023\/11\/Step_1-605x1024.jpg 605w, https:\/\/stevedarragh.com\/wp-content\/uploads\/2023\/11\/Step_1-768x1300.jpg 768w, https:\/\/stevedarragh.com\/wp-content\/uploads\/2023\/11\/Step_1-908x1536.jpg 908w\" sizes=\"(max-width: 1179px) 100vw, 1179px\" \/>\t\t\t\t<div class=\"eihe-caption\">\n\t\t\t\t\t<div class=\"eihe-title-cover\">\n\t\t\t\t\t\t\t\t\t\t\t\t<h3 class=\"eihe-title\">Etapa 1<\/h3>\n\t\t\t\t\t\t\t\t\t\t\t<\/div>\n\t\t\t\t\t<p>Leia o c\u00f3digo QR e clique em Obter o aplicativo<\/p>\n\t\t\t\t<\/div>\n\t\t\t<\/div>\n\t\t\t\t\t\t<\/div>\n\t\t\t\t<\/div>\n\t\t\t\t\t<\/div>\n\t\t<\/div>\n\t\t\t\t<div class=\"elementor-column elementor-col-25 elementor-top-column elementor-element elementor-element-4d2f875\" data-id=\"4d2f875\" data-element_type=\"column\" data-e-type=\"column\">\n\t\t\t<div class=\"elementor-widget-wrap elementor-element-populated\">\n\t\t\t\t\t\t<div class=\"elementor-element elementor-element-cad904b elementor-widget elementor-widget-e_image_hover_effects\" data-id=\"cad904b\" data-element_type=\"widget\" data-e-type=\"widget\" data-widget_type=\"e_image_hover_effects.default\">\n\t\t\t\t<div class=\"elementor-widget-container\">\n\t\t\t\t\t\t\t\t<div class=\"eihe-box eihe-fade-in-up eihe_center\">\n\t\t\t\t<img loading=\"lazy\" decoding=\"async\" width=\"1179\" height=\"2198\" src=\"https:\/\/stevedarragh.com\/wp-content\/uploads\/2023\/11\/Step_2.jpg?wsr\" class=\"attachment-full size-full wp-image-8726\" alt=\"\" srcset=\"https:\/\/stevedarragh.com\/wp-content\/uploads\/2023\/11\/Step_2.jpg 1179w, https:\/\/stevedarragh.com\/wp-content\/uploads\/2023\/11\/Step_2-161x300.jpg 161w, https:\/\/stevedarragh.com\/wp-content\/uploads\/2023\/11\/Step_2-549x1024.jpg 549w, https:\/\/stevedarragh.com\/wp-content\/uploads\/2023\/11\/Step_2-768x1432.jpg 768w, https:\/\/stevedarragh.com\/wp-content\/uploads\/2023\/11\/Step_2-824x1536.jpg 824w, https:\/\/stevedarragh.com\/wp-content\/uploads\/2023\/11\/Step_2-1099x2048.jpg 1099w\" sizes=\"(max-width: 1179px) 100vw, 1179px\" \/>\t\t\t\t<div class=\"eihe-caption\">\n\t\t\t\t\t<div class=\"eihe-title-cover\">\n\t\t\t\t\t\t\t\t\t\t\t\t<h3 class=\"eihe-title\">Etapa 2<\/h3>\n\t\t\t\t\t\t\t\t\t\t\t<\/div>\n\t\t\t\t\t<p>Obtenha o aplicativo e aguarde at\u00e9 que ele seja totalmente baixado<\/p>\n\t\t\t\t<\/div>\n\t\t\t<\/div>\n\t\t\t\t\t\t<\/div>\n\t\t\t\t<\/div>\n\t\t\t\t\t<\/div>\n\t\t<\/div>\n\t\t\t\t<div class=\"elementor-column elementor-col-25 elementor-top-column elementor-element elementor-element-763fa4a\" data-id=\"763fa4a\" data-element_type=\"column\" data-e-type=\"column\">\n\t\t\t<div class=\"elementor-widget-wrap elementor-element-populated\">\n\t\t\t\t\t\t<div class=\"elementor-element elementor-element-02521bf elementor-widget elementor-widget-e_image_hover_effects\" data-id=\"02521bf\" data-element_type=\"widget\" data-e-type=\"widget\" data-widget_type=\"e_image_hover_effects.default\">\n\t\t\t\t<div class=\"elementor-widget-container\">\n\t\t\t\t\t\t\t\t<div class=\"eihe-box eihe-fade-in-up eihe_center\">\n\t\t\t\t<img loading=\"lazy\" decoding=\"async\" width=\"1170\" height=\"2326\" src=\"https:\/\/stevedarragh.com\/wp-content\/uploads\/2023\/11\/Step_3.jpg?wsr\" class=\"attachment-full size-full wp-image-8727\" alt=\"\" srcset=\"https:\/\/stevedarragh.com\/wp-content\/uploads\/2023\/11\/Step_3.jpg 1170w, https:\/\/stevedarragh.com\/wp-content\/uploads\/2023\/11\/Step_3-151x300.jpg 151w, https:\/\/stevedarragh.com\/wp-content\/uploads\/2023\/11\/Step_3-515x1024.jpg 515w, https:\/\/stevedarragh.com\/wp-content\/uploads\/2023\/11\/Step_3-768x1527.jpg 768w, https:\/\/stevedarragh.com\/wp-content\/uploads\/2023\/11\/Step_3-773x1536.jpg 773w, https:\/\/stevedarragh.com\/wp-content\/uploads\/2023\/11\/Step_3-1030x2048.jpg 1030w\" sizes=\"(max-width: 1170px) 100vw, 1170px\" \/>\t\t\t\t<div class=\"eihe-caption\">\n\t\t\t\t\t<div class=\"eihe-title-cover\">\n\t\t\t\t\t\t\t\t\t\t\t\t<h3 class=\"eihe-title\">Etapa 3<\/h3>\n\t\t\t\t\t\t\t\t\t\t\t<\/div>\n\t\t\t\t\t<p>Ap\u00f3s o download, clique em e em \"Get Started\" (Iniciar)  <\/p>\n\t\t\t\t<\/div>\n\t\t\t<\/div>\n\t\t\t\t\t\t<\/div>\n\t\t\t\t<\/div>\n\t\t\t\t\t<\/div>\n\t\t<\/div>\n\t\t\t\t<div class=\"elementor-column elementor-col-25 elementor-top-column elementor-element elementor-element-cf63161\" data-id=\"cf63161\" data-element_type=\"column\" data-e-type=\"column\">\n\t\t\t<div class=\"elementor-widget-wrap elementor-element-populated\">\n\t\t\t\t\t\t<div class=\"elementor-element elementor-element-4bef36c elementor-widget elementor-widget-e_image_hover_effects\" data-id=\"4bef36c\" data-element_type=\"widget\" data-e-type=\"widget\" data-widget_type=\"e_image_hover_effects.default\">\n\t\t\t\t<div class=\"elementor-widget-container\">\n\t\t\t\t\t\t\t\t<div class=\"eihe-box eihe-fade-in-up eihe_center\">\n\t\t\t\t<img loading=\"lazy\" decoding=\"async\" width=\"1179\" height=\"2440\" src=\"https:\/\/stevedarragh.com\/wp-content\/uploads\/2023\/11\/Step_4.jpg?wsr\" class=\"attachment-full size-full wp-image-8728\" alt=\"\" srcset=\"https:\/\/stevedarragh.com\/wp-content\/uploads\/2023\/11\/Step_4.jpg 1179w, https:\/\/stevedarragh.com\/wp-content\/uploads\/2023\/11\/Step_4-145x300.jpg 145w, https:\/\/stevedarragh.com\/wp-content\/uploads\/2023\/11\/Step_4-495x1024.jpg 495w, https:\/\/stevedarragh.com\/wp-content\/uploads\/2023\/11\/Step_4-768x1589.jpg 768w, https:\/\/stevedarragh.com\/wp-content\/uploads\/2023\/11\/Step_4-742x1536.jpg 742w, https:\/\/stevedarragh.com\/wp-content\/uploads\/2023\/11\/Step_4-990x2048.jpg 990w\" sizes=\"(max-width: 1179px) 100vw, 1179px\" \/>\t\t\t\t<div class=\"eihe-caption\">\n\t\t\t\t\t<div class=\"eihe-title-cover\">\n\t\t\t\t\t\t\t\t\t\t\t\t<h3 class=\"eihe-title\">Etapa 4<\/h3>\n\t\t\t\t\t\t\t\t\t\t\t<\/div>\n\t\t\t\t\t<p>Comece a pesquisar e salvar propriedades para visualizar!<\/p>\n\t\t\t\t<\/div>\n\t\t\t<\/div>\n\t\t\t\t\t\t<\/div>\n\t\t\t\t<\/div>\n\t\t\t\t\t<\/div>\n\t\t<\/div>\n\t\t\t\t\t<\/div>\n\t\t<\/section>\n\t\t\t\t<section class=\"elementor-section elementor-top-section elementor-element elementor-element-a5653ba elementor-section-boxed elementor-section-height-default elementor-section-height-default\" data-id=\"a5653ba\" data-element_type=\"section\" data-e-type=\"section\">\n\t\t\t\t\t\t<div class=\"elementor-container elementor-column-gap-default\">\n\t\t\t\t\t<div class=\"elementor-column elementor-col-100 elementor-top-column elementor-element elementor-element-a6dba73\" data-id=\"a6dba73\" data-element_type=\"column\" data-e-type=\"column\">\n\t\t\t<div class=\"elementor-widget-wrap elementor-element-populated\">\n\t\t\t\t\t\t<div class=\"elementor-element elementor-element-5b8fb3e elementor-widget elementor-widget-spacer\" data-id=\"5b8fb3e\" data-element_type=\"widget\" data-e-type=\"widget\" data-widget_type=\"spacer.default\">\n\t\t\t\t<div class=\"elementor-widget-container\">\n\t\t\t\t\t\t\t<div class=\"elementor-spacer\">\n\t\t\t<div class=\"elementor-spacer-inner\"><\/div>\n\t\t<\/div>\n\t\t\t\t\t\t<\/div>\n\t\t\t\t<\/div>\n\t\t\t\t\t<\/div>\n\t\t<\/div>\n\t\t\t\t\t<\/div>\n\t\t<\/section>\n\t\t\t\t<\/div>\n\t\t","protected":false},"excerpt":{"rendered":"<p>Baixe meu aplicativo abaixo para visualizar e salvar casas. Etapa 1 Leia o c\u00f3digo QR e clique em Obter o aplicativo Etapa 2 Obtenha o aplicativo e aguarde at\u00e9 que ele seja totalmente baixado Etapa 3 Ap\u00f3s o download, clique em e em &#8220;Get Started&#8221; (Iniciar) Etapa 4 Comece a pesquisar e salvar propriedades para [&hellip;]<\/p>\n","protected":false},"author":3,"featured_media":0,"parent":0,"menu_order":0,"comment_status":"closed","ping_status":"closed","template":"","meta":{"om_disable_all_campaigns":false,"_monsterinsights_skip_tracking":false,"_monsterinsights_sitenote_active":false,"_monsterinsights_sitenote_note":"","_monsterinsights_sitenote_category":0,"_uf_show_specific_survey":0,"_uf_disable_surveys":false,"footnotes":""},"class_list":["post-10185","page","type-page","status-publish","hentry"],"_links":{"self":[{"href":"https:\/\/stevedarragh.com\/pt-br\/wp-json\/wp\/v2\/pages\/10185","targetHints":{"allow":["GET"]}}],"collection":[{"href":"https:\/\/stevedarragh.com\/pt-br\/wp-json\/wp\/v2\/pages"}],"about":[{"href":"https:\/\/stevedarragh.com\/pt-br\/wp-json\/wp\/v2\/types\/page"}],"author":[{"embeddable":true,"href":"https:\/\/stevedarragh.com\/pt-br\/wp-json\/wp\/v2\/users\/3"}],"replies":[{"embeddable":true,"href":"https:\/\/stevedarragh.com\/pt-br\/wp-json\/wp\/v2\/comments?post=10185"}],"version-history":[{"count":1,"href":"https:\/\/stevedarragh.com\/pt-br\/wp-json\/wp\/v2\/pages\/10185\/revisions"}],"predecessor-version":[{"id":10186,"href":"https:\/\/stevedarragh.com\/pt-br\/wp-json\/wp\/v2\/pages\/10185\/revisions\/10186"}],"wp:attachment":[{"href":"https:\/\/stevedarragh.com\/pt-br\/wp-json\/wp\/v2\/media?parent=10185"}],"curies":[{"name":"wp","href":"https:\/\/api.w.org\/{rel}","templated":true}]}}