{"id":10253,"date":"2023-11-11T02:38:03","date_gmt":"2023-11-11T02:38:03","guid":{"rendered":"https:\/\/stevedarragh.com\/preparacao\/"},"modified":"2023-12-09T13:10:33","modified_gmt":"2023-12-09T13:10:33","slug":"preparacao","status":"publish","type":"page","link":"https:\/\/stevedarragh.com\/pt-br\/preparacao\/","title":{"rendered":"Prepara\u00e7\u00e3o"},"content":{"rendered":"\t\t<div data-elementor-type=\"wp-page\" data-elementor-id=\"10253\" class=\"elementor elementor-10253 elementor-8036\" data-elementor-post-type=\"page\">\n\t\t\t\t\t\t<section class=\"elementor-section elementor-top-section elementor-element elementor-element-101b1c0 elementor-section-boxed elementor-section-height-default elementor-section-height-default\" data-id=\"101b1c0\" data-element_type=\"section\" data-e-type=\"section\">\n\t\t\t\t\t\t<div class=\"elementor-container elementor-column-gap-default\">\n\t\t\t\t\t<div class=\"elementor-column elementor-col-100 elementor-top-column elementor-element elementor-element-5c5aa4b\" data-id=\"5c5aa4b\" data-element_type=\"column\" data-e-type=\"column\">\n\t\t\t<div class=\"elementor-widget-wrap elementor-element-populated\">\n\t\t\t\t\t\t<div class=\"elementor-element elementor-element-132fc4b elementor-widget elementor-widget-heading\" data-id=\"132fc4b\" data-element_type=\"widget\" data-e-type=\"widget\" data-widget_type=\"heading.default\">\n\t\t\t\t<div class=\"elementor-widget-container\">\n\t\t\t\t\t<h2 class=\"elementor-heading-title elementor-size-default\">Prepara\u00e7\u00e3o f\u00edsica e prepara\u00e7\u00e3o virtual<\/h2>\t\t\t\t<\/div>\n\t\t\t\t<\/div>\n\t\t\t\t\t<\/div>\n\t\t<\/div>\n\t\t\t\t\t<\/div>\n\t\t<\/section>\n\t\t\t\t<section class=\"elementor-section elementor-top-section elementor-element elementor-element-bead45e elementor-section-boxed elementor-section-height-default elementor-section-height-default\" data-id=\"bead45e\" data-element_type=\"section\" data-e-type=\"section\">\n\t\t\t\t\t\t<div class=\"elementor-container elementor-column-gap-default\">\n\t\t\t\t\t<div class=\"elementor-column elementor-col-50 elementor-top-column elementor-element elementor-element-6b90cb8\" data-id=\"6b90cb8\" data-element_type=\"column\" data-e-type=\"column\">\n\t\t\t<div class=\"elementor-widget-wrap\">\n\t\t\t\t\t\t\t<\/div>\n\t\t<\/div>\n\t\t\t\t<div class=\"elementor-column elementor-col-50 elementor-top-column elementor-element elementor-element-c5a9efe\" data-id=\"c5a9efe\" data-element_type=\"column\" data-e-type=\"column\">\n\t\t\t<div class=\"elementor-widget-wrap\">\n\t\t\t\t\t\t\t<\/div>\n\t\t<\/div>\n\t\t\t\t\t<\/div>\n\t\t<\/section>\n\t\t\t\t<section class=\"elementor-section elementor-top-section elementor-element elementor-element-2e9bf23 elementor-section-boxed elementor-section-height-default elementor-section-height-default\" data-id=\"2e9bf23\" data-element_type=\"section\" data-e-type=\"section\">\n\t\t\t\t\t\t<div class=\"elementor-container elementor-column-gap-default\">\n\t\t\t\t\t<div class=\"elementor-column elementor-col-100 elementor-top-column elementor-element elementor-element-248019c\" data-id=\"248019c\" data-element_type=\"column\" data-e-type=\"column\">\n\t\t\t<div class=\"elementor-widget-wrap elementor-element-populated\">\n\t\t\t\t\t\t<div class=\"elementor-element elementor-element-7f15a3a elementor-widget elementor-widget-spacer\" data-id=\"7f15a3a\" data-element_type=\"widget\" data-e-type=\"widget\" data-widget_type=\"spacer.default\">\n\t\t\t\t<div class=\"elementor-widget-container\">\n\t\t\t\t\t\t\t<div class=\"elementor-spacer\">\n\t\t\t<div class=\"elementor-spacer-inner\"><\/div>\n\t\t<\/div>\n\t\t\t\t\t\t<\/div>\n\t\t\t\t<\/div>\n\t\t\t\t\t<\/div>\n\t\t<\/div>\n\t\t\t\t\t<\/div>\n\t\t<\/section>\n\t\t\t\t<section class=\"elementor-section elementor-top-section elementor-element elementor-element-a5e56cf elementor-section-boxed elementor-section-height-default elementor-section-height-default\" data-id=\"a5e56cf\" data-element_type=\"section\" data-e-type=\"section\">\n\t\t\t\t\t\t<div class=\"elementor-container elementor-column-gap-default\">\n\t\t\t\t\t<div class=\"elementor-column elementor-col-100 elementor-top-column elementor-element elementor-element-fc04862\" data-id=\"fc04862\" data-element_type=\"column\" data-e-type=\"column\">\n\t\t\t<div class=\"elementor-widget-wrap elementor-element-populated\">\n\t\t\t\t\t\t<div class=\"elementor-element elementor-element-b3454bd elementor-widget elementor-widget-heading\" data-id=\"b3454bd\" data-element_type=\"widget\" data-e-type=\"widget\" data-widget_type=\"heading.default\">\n\t\t\t\t<div class=\"elementor-widget-container\">\n\t\t\t\t\t<h2 class=\"elementor-heading-title elementor-size-default\">Prepara\u00e7\u00e3o f\u00edsica e prepara\u00e7\u00e3o virtual<\/h2>\t\t\t\t<\/div>\n\t\t\t\t<\/div>\n\t\t\t\t\t<\/div>\n\t\t<\/div>\n\t\t\t\t\t<\/div>\n\t\t<\/section>\n\t\t\t\t<section class=\"elementor-section elementor-top-section elementor-element elementor-element-c0521b9 elementor-section-boxed elementor-section-height-default elementor-section-height-default\" data-id=\"c0521b9\" data-element_type=\"section\" data-e-type=\"section\">\n\t\t\t\t\t\t<div class=\"elementor-container elementor-column-gap-default\">\n\t\t\t\t\t<div class=\"elementor-column elementor-col-50 elementor-top-column elementor-element elementor-element-dae5918\" data-id=\"dae5918\" data-element_type=\"column\" data-e-type=\"column\">\n\t\t\t<div class=\"elementor-widget-wrap elementor-element-populated\">\n\t\t\t\t\t\t<div class=\"elementor-element elementor-element-69d382e elementor-widget elementor-widget-e_image_hover_effects\" data-id=\"69d382e\" data-element_type=\"widget\" data-e-type=\"widget\" data-widget_type=\"e_image_hover_effects.default\">\n\t\t\t\t<div class=\"elementor-widget-container\">\n\t\t\t\t\t\t\t\t<div class=\"eihe-box eihe-fade-in-up eihe_center\">\n\t\t\t\t<img fetchpriority=\"high\" decoding=\"async\" width=\"1434\" height=\"559\" src=\"https:\/\/stevedarragh.com\/wp-content\/uploads\/2023\/11\/1434x559.jpg?wsr\" class=\"attachment-full size-full wp-image-8426\" alt=\"\" srcset=\"https:\/\/stevedarragh.com\/wp-content\/uploads\/2023\/11\/1434x559.jpg 1434w, https:\/\/stevedarragh.com\/wp-content\/uploads\/2023\/11\/1434x559-300x117.jpg 300w, https:\/\/stevedarragh.com\/wp-content\/uploads\/2023\/11\/1434x559-1024x399.jpg 1024w, https:\/\/stevedarragh.com\/wp-content\/uploads\/2023\/11\/1434x559-768x299.jpg 768w\" sizes=\"(max-width: 1434px) 100vw, 1434px\" \/>\t\t\t\t<div class=\"eihe-caption\">\n\t\t\t\t\t<div class=\"eihe-title-cover\">\n\t\t\t\t\t\t\t\t\t\t\t\t<h3 class=\"eihe-title\">Estadiamento f\u00edsico<\/h3>\n\t\t\t\t\t\t\t\t\t\t\t<\/div>\n\t\t\t\t\t<p>51% disseram que a prepara\u00e7\u00e3o tem um efeito sobre a vis\u00e3o que a maioria dos compradores tem da casa. 27% dos agentes de vendas disseram que as casas preparadas passaram menos tempo no mercado. 23% disseram que prepararam as casas de todos os clientes antes de coloc\u00e1-las \u00e0 venda. 20% de todos os agentes disseram que a prepara\u00e7\u00e3o da casa aumentou o valor da casa em at\u00e9 5%.<\/p>\n\t\t\t\t<\/div>\n\t\t\t<\/div>\n\t\t\t\t\t\t<\/div>\n\t\t\t\t<\/div>\n\t\t\t\t\t<\/div>\n\t\t<\/div>\n\t\t\t\t<div class=\"elementor-column elementor-col-50 elementor-top-column elementor-element elementor-element-5427a1c\" data-id=\"5427a1c\" data-element_type=\"column\" data-e-type=\"column\">\n\t\t\t<div class=\"elementor-widget-wrap elementor-element-populated\">\n\t\t\t\t\t\t<div class=\"elementor-element elementor-element-625b56b elementor-widget elementor-widget-e_image_hover_effects\" data-id=\"625b56b\" data-element_type=\"widget\" data-e-type=\"widget\" data-widget_type=\"e_image_hover_effects.default\">\n\t\t\t\t<div class=\"elementor-widget-container\">\n\t\t\t\t\t\t\t\t<div class=\"eihe-box eihe-fade-in-up eihe_center\">\n\t\t\t\t<img decoding=\"async\" width=\"1434\" height=\"559\" src=\"https:\/\/stevedarragh.com\/wp-content\/uploads\/2023\/11\/virtual1434x559.png?wsr\" class=\"attachment-full size-full wp-image-8427\" alt=\"\" srcset=\"https:\/\/stevedarragh.com\/wp-content\/uploads\/2023\/11\/virtual1434x559.png 1434w, https:\/\/stevedarragh.com\/wp-content\/uploads\/2023\/11\/virtual1434x559-300x117.png 300w, https:\/\/stevedarragh.com\/wp-content\/uploads\/2023\/11\/virtual1434x559-1024x399.png 1024w, https:\/\/stevedarragh.com\/wp-content\/uploads\/2023\/11\/virtual1434x559-768x299.png 768w\" sizes=\"(max-width: 1434px) 100vw, 1434px\" \/>\t\t\t\t<div class=\"eihe-caption\">\n\t\t\t\t\t<div class=\"eihe-title-cover\">\n\t\t\t\t\t\t\t\t\t\t\t\t<h3 class=\"eihe-title\">Prepara\u00e7\u00e3o virtual<\/h3>\n\t\t\t\t\t\t\t\t\t\t\t<\/div>\n\t\t\t\t\t<p>A prepara\u00e7\u00e3o virtual pode reduzir o custo da prepara\u00e7\u00e3o em at\u00e9 97%. A prepara\u00e7\u00e3o virtual pode ajudar a alugar casas e unidades por mais dinheiro. A prepara\u00e7\u00e3o virtual pode se parecer 100% com a realidade. A prepara\u00e7\u00e3o virtual oferece 100% de liberdade criativa. A encena\u00e7\u00e3o virtual \u00e9 excelente para mostrar aos poss\u00edveis compradores como ser\u00e1 a disposi\u00e7\u00e3o dos m\u00f3veis.<\/p>\n\t\t\t\t<\/div>\n\t\t\t<\/div>\n\t\t\t\t\t\t<\/div>\n\t\t\t\t<\/div>\n\t\t\t\t\t<\/div>\n\t\t<\/div>\n\t\t\t\t\t<\/div>\n\t\t<\/section>\n\t\t\t\t<\/div>\n\t\t","protected":false},"excerpt":{"rendered":"<p>Prepara\u00e7\u00e3o f\u00edsica e prepara\u00e7\u00e3o virtual Prepara\u00e7\u00e3o f\u00edsica e prepara\u00e7\u00e3o virtual Estadiamento f\u00edsico 51% disseram que a prepara\u00e7\u00e3o tem um efeito sobre a vis\u00e3o que a maioria dos compradores tem da casa. 27% dos agentes de vendas disseram que as casas preparadas passaram menos tempo no mercado. 23% disseram que prepararam as casas de todos os [&hellip;]<\/p>\n","protected":false},"author":1,"featured_media":0,"parent":0,"menu_order":0,"comment_status":"closed","ping_status":"closed","template":"","meta":{"om_disable_all_campaigns":false,"_monsterinsights_skip_tracking":false,"_monsterinsights_sitenote_active":false,"_monsterinsights_sitenote_note":"","_monsterinsights_sitenote_category":0,"_uf_show_specific_survey":0,"_uf_disable_surveys":false,"footnotes":""},"class_list":["post-10253","page","type-page","status-publish","hentry"],"_links":{"self":[{"href":"https:\/\/stevedarragh.com\/pt-br\/wp-json\/wp\/v2\/pages\/10253","targetHints":{"allow":["GET"]}}],"collection":[{"href":"https:\/\/stevedarragh.com\/pt-br\/wp-json\/wp\/v2\/pages"}],"about":[{"href":"https:\/\/stevedarragh.com\/pt-br\/wp-json\/wp\/v2\/types\/page"}],"author":[{"embeddable":true,"href":"https:\/\/stevedarragh.com\/pt-br\/wp-json\/wp\/v2\/users\/1"}],"replies":[{"embeddable":true,"href":"https:\/\/stevedarragh.com\/pt-br\/wp-json\/wp\/v2\/comments?post=10253"}],"version-history":[{"count":1,"href":"https:\/\/stevedarragh.com\/pt-br\/wp-json\/wp\/v2\/pages\/10253\/revisions"}],"predecessor-version":[{"id":10256,"href":"https:\/\/stevedarragh.com\/pt-br\/wp-json\/wp\/v2\/pages\/10253\/revisions\/10256"}],"wp:attachment":[{"href":"https:\/\/stevedarragh.com\/pt-br\/wp-json\/wp\/v2\/media?parent=10253"}],"curies":[{"name":"wp","href":"https:\/\/api.w.org\/{rel}","templated":true}]}}